{"id":2227,"date":"2025-08-20T01:37:56","date_gmt":"2025-08-19T23:37:56","guid":{"rendered":"https:\/\/craftcleaners.eu\/produkt\/active-shield-protection-hydrophobe-pour-toute-la-voiture-en-un-seul-flacon\/"},"modified":"2026-04-14T07:20:49","modified_gmt":"2026-04-14T05:20:49","slug":"active-shield-protection-hydrophobe-pour-toute-la-voiture-en-un-seul-flacon","status":"publish","type":"product","link":"https:\/\/craftcleaners.eu\/fr\/produkt\/active-shield-protection-hydrophobe-pour-toute-la-voiture-en-un-seul-flacon\/","title":{"rendered":"Active Shield &#8211; Protection hydrophobe pour toute la voiture en un seul flacon"},"content":{"rendered":"<div style=\"font-family: -apple-system, BlinkMacSystemFont, 'Segoe UI', Arial, sans-serif; color: #1a1a1a; max-width: 100%; margin: 0; padding: 0; background: #fff; overflow-x: hidden;\">\n<div style=\"background: #ffffff; padding: 40px 20px; margin: 0; border-bottom: 1px solid #eee;\">\n<div style=\"max-width: 1200px; margin: 0 auto;\">\n<div style=\"display: flex; flex-wrap: wrap; align-items: center; gap: 30px;\">\n<div style=\"flex: 1; min-width: 280px;\">\n<div style=\"display: inline-block; background: rgba(209, 10, 17, 0.1); border: 2px solid #d10a11; padding: 8px 20px; border-radius: 50px; margin-bottom: 20px;\"><span style=\"color: #d10a11; font-size: 11px; font-weight: bold; letter-spacing: 2px; text-transform: uppercase;\">\ud83c\uddf5\ud83c\uddf1 Formule Polonaise Premium<\/span><\/div>\n<h1 style=\"font-size: clamp(36px, 7vw, 52px); font-weight: 900; margin: 0 0 15px 0; line-height: 1.1; color: #1a1a1a; text-transform: uppercase; letter-spacing: -1px;\">Active Shield<\/h1>\n<p style=\"font-size: clamp(18px, 3vw, 22px); color: #d10a11; font-weight: bold; margin: 0 0 15px 0; letter-spacing: 1px;\">Protection Hydrophobe Tout-en-Un<\/p>\n<p style=\"font-size: clamp(15px, 2.5vw, 17px); color: #555; line-height: 1.7; margin: 0 0 25px 0;\">Un rev\u00eatement polym\u00e8re professionnel qui offre une brillance d&rsquo;exposition et une protection durable en seulement 3 minutes. Aucune polisseuse requise.<\/p>\n<div style=\"background: rgba(209, 10, 17, 0.05); border-left: 4px solid #d10a11; padding: 20px; border-radius: 8px;\">\n<p style=\"font-size: clamp(14px, 2.5vw, 16px); color: #1a1a1a; margin: 0; line-height: 1.6;\">\u2713 Application en 3 minutes<br \/>\n\u2713 Brillance effet miroir<br \/>\n\u2713 Effet d\u00e9perlant (Hydrophobe)<br \/>\n\u2713 S\u00fbr pour toutes les surfaces<\/p>\n<\/div>\n<\/div>\n<div style=\"flex: 1; min-width: 280px;\">\n<div style=\"border-radius: 15px; overflow: hidden; box-shadow: 0 10px 30px rgba(0,0,0,0.1); border: 3px solid rgba(209, 10, 17, 0.1);\"><img decoding=\"async\" style=\"width: 100%; height: auto; display: block;\" src=\"https:\/\/craftcleaners.eu\/wp-content\/uploads\/2025\/08\/fhqqj7ljdx-gif-new-efekt-1.gif\" alt=\"Effet hydrophobe Active Shield\" \/><\/div>\n<p style=\"text-align: center; font-size: 13px; color: #666; margin-top: 15px; font-style: italic;\">\ud83d\udca7 Regardez l&rsquo;eau perler et glisser instantan\u00e9ment<\/p>\n<\/div>\n<\/div>\n<\/div>\n<\/div>\n<div style=\"background: #f1f3f4; padding: 60px 20px;\">\n<div style=\"max-width: 900px; margin: 0 auto;\">\n<div style=\"text-align: center; margin-bottom: 40px;\">\n<h2 style=\"font-size: clamp(32px, 6vw, 42px); font-weight: 900; color: #000; margin: 0 0 15px 0; text-transform: uppercase; letter-spacing: -1px;\">Arr\u00eatez de perdre du temps et de l&rsquo;argent<\/h2>\n<p style=\"font-size: clamp(16px, 2.5vw, 18px); color: #666; max-width: 700px; margin: 0 auto; line-height: 1.6;\">D\u00e9couvrez ce qui change avec Active Shield dans votre garage<\/p>\n<\/div>\n<div style=\"display: flex; align-items: center; margin-bottom: 8px; padding: 0 10px;\">\n<div style=\"flex: 1; min-width: 0;\"><\/div>\n<div style=\"width: 110px; text-align: center; flex-shrink: 0;\"><span style=\"font-size: 12px; font-weight: 800; color: #999; text-transform: uppercase; letter-spacing: 1px;\">Sans<\/span><\/div>\n<div style=\"width: 130px; text-align: center; flex-shrink: 0;\"><span style=\"font-size: 12px; font-weight: 800; color: #d10a11; text-transform: uppercase; letter-spacing: 1px;\">Active Shield<\/span><\/div>\n<\/div>\n<div style=\"background: #fff; border-radius: 16px; overflow: hidden; box-shadow: 0 4px 20px rgba(0,0,0,0.07);\">\n<div style=\"display: flex; align-items: center; padding: 18px 20px; border-bottom: 1px solid #f0f0f0;\">\n<div style=\"flex: 1; min-width: 0; padding-right: 15px;\">\n<p style=\"font-size: 15px; font-weight: 600; color: #222; margin: 0;\">La salet\u00e9 et l&rsquo;eau glissent sans effort<\/p>\n<\/div>\n<div style=\"width: 110px; text-align: center; flex-shrink: 0;\"><span style=\"font-size: 22px; color: #ccc;\">\u274c<\/span><\/div>\n<div style=\"width: 130px; text-align: center; flex-shrink: 0;\"><span style=\"font-size: 22px; color: #d10a11;\">\u2713<\/span><\/div>\n<\/div>\n<div style=\"display: flex; align-items: center; padding: 18px 20px; border-bottom: 1px solid #f0f0f0; background: #fafafa;\">\n<div style=\"flex: 1; min-width: 0; padding-right: 15px;\">\n<p style=\"font-size: 15px; font-weight: 600; color: #222; margin: 0;\">Lavage auto 4\u00d7 moins fr\u00e9quent<\/p>\n<\/div>\n<div style=\"width: 110px; text-align: center; flex-shrink: 0;\"><span style=\"font-size: 22px; color: #ccc;\">\u274c<\/span><\/div>\n<div style=\"width: 130px; text-align: center; flex-shrink: 0;\"><span style=\"font-size: 22px; color: #d10a11;\">\u2713<\/span><\/div>\n<\/div>\n<div style=\"display: flex; align-items: center; padding: 18px 20px;\">\n<div style=\"flex: 1; min-width: 0; padding-right: 15px;\">\n<p style=\"font-size: 15px; font-weight: 600; color: #222; margin: 0;\">\u00c9conomisez des centaines d&rsquo;euros en entretien<\/p>\n<\/div>\n<div style=\"width: 110px; text-align: center; flex-shrink: 0;\"><span style=\"font-size: 22px; color: #ccc;\">\u274c<\/span><\/div>\n<div style=\"width: 130px; text-align: center; flex-shrink: 0;\"><span style=\"font-size: 22px; color: #d10a11;\">\u2713<\/span><\/div>\n<\/div>\n<\/div>\n<\/div>\n<\/div>\n<div style=\"background: #ffffff; padding: 60px 20px;\">\n<div style=\"max-width: 1200px; margin: 0 auto;\">\n<div style=\"text-align: center; margin-bottom: 40px;\">\n<h2 style=\"font-size: clamp(36px, 7vw, 48px); font-weight: 900; color: #1a1a1a; margin: 0 0 15px 0; text-transform: uppercase; letter-spacing: -1px;\">La <span style=\"color: #d10a11;\">Transformation<\/span><\/h2>\n<p style=\"font-size: clamp(16px, 3vw, 20px); color: #555; max-width: 700px; margin: 0 auto; line-height: 1.6; padding: 0 15px;\">De terne \u00e0 \u00e9blouissant en quelques minutes. Constatez la diff\u00e9rence spectaculaire d&rsquo;Active Shield.<\/p>\n<\/div>\n<div style=\"display: flex; flex-wrap: wrap; align-items: center; gap: 30px;\">\n<div style=\"flex: 2; min-width: 280px;\">\n<div style=\"background: #fff; padding: 15px; border-radius: 15px; box-shadow: 0 10px 30px rgba(0,0,0,0.08); border: 1px solid #eee;\"><img decoding=\"async\" style=\"width: 100%; height: auto; display: block; border-radius: 8px;\" src=\"https:\/\/craftcleaners.eu\/wp-content\/uploads\/2025\/08\/Hydro-Pancerz-1.png\" alt=\"Comparaison\" \/><\/div>\n<\/div>\n<div style=\"flex: 1; min-width: 280px;\">\n<div style=\"margin-bottom: 25px; background: #f9f9f9; padding: 25px; border-radius: 12px; border: 2px solid rgba(209, 10, 17, 0.1);\">\n<div style=\"font-size: 40px; margin-bottom: 15px; text-align: center;\">\ud83d\udee1<\/div>\n<h3 style=\"font-size: 18px; font-weight: bold; color: #d10a11; margin: 0 0 5px 0; text-align: center;\">Peinture Prot\u00e9g\u00e9e<\/h3>\n<p style=\"font-size: 14px; color: #666; margin: 0; line-height: 1.6; text-align: center;\">Barri\u00e8re polym\u00e8re contre les \u00e9l\u00e9ments<\/p>\n<\/div>\n<div style=\"background: #f9f9f9; padding: 25px; border-radius: 12px; border: 2px solid rgba(209, 10, 17, 0.1);\">\n<div style=\"font-size: 40px; margin-bottom: 15px; text-align: center;\">\ud83d\udca7<\/div>\n<h3 style=\"font-size: 18px; font-weight: bold; color: #d10a11; margin: 0 0 5px 0; text-align: center;\">D\u00e9perlant<\/h3>\n<p style=\"font-size: 14px; color: #666; margin: 0; line-height: 1.6; text-align: center;\">La salet\u00e9 glisse sans effort<\/p>\n<\/div>\n<\/div>\n<\/div>\n<\/div>\n<\/div>\n<div style=\"background: #f1f3f4; padding: 60px 20px;\">\n<div style=\"max-width: 1200px; margin: 0 auto;\">\n<div style=\"text-align: center; margin-bottom: 40px;\">\n<h2 style=\"font-size: clamp(36px, 7vw, 48px); font-weight: 900; color: #000; margin: 0 0 15px 0; text-transform: uppercase; letter-spacing: -1px;\">Processus Simple en <span style=\"color: #d10a11;\">4 \u00c9tapes<\/span><\/h2>\n<\/div>\n<div style=\"display: flex; flex-wrap: wrap; align-items: center; gap: 30px;\">\n<div style=\"flex: 1; min-width: 280px;\">\n<div style=\"display: grid; grid-template-columns: repeat(auto-fit, minmax(130px, 1fr)); gap: 20px; margin-bottom: 25px;\">\n<div style=\"background: #fff; border-radius: 15px; padding: 20px 10px; text-align: center; box-shadow: 0 4px 12px rgba(0,0,0,0.05);\">\n<div style=\"width: 50px; height: 50px; background: #d10a11; border-radius: 50%; margin: 0 auto 10px; display: inline-flex; align-items: center; justify-content: center;\"><span style=\"color: #fff; font-weight: 900;\">1<\/span><\/div>\n<h4 style=\"font-size: 13px; font-weight: 800; color: #d10a11; margin: 0;\">NETTOYER<\/h4>\n<\/div>\n<div style=\"background: #fff; border-radius: 15px; padding: 20px 10px; text-align: center; box-shadow: 0 4px 12px rgba(0,0,0,0.05);\">\n<div style=\"width: 50px; height: 50px; background: #d10a11; border-radius: 50%; margin: 0 auto 10px; display: inline-flex; align-items: center; justify-content: center;\"><span style=\"color: #fff; font-weight: 900;\">2<\/span><\/div>\n<h4 style=\"font-size: 13px; font-weight: 800; color: #d10a11; margin: 0;\">VAPORISER<\/h4>\n<\/div>\n<div style=\"background: #fff; border-radius: 15px; padding: 20px 10px; text-align: center; box-shadow: 0 4px 12px rgba(0,0,0,0.05);\">\n<div style=\"width: 50px; height: 50px; background: #d10a11; border-radius: 50%; margin: 0 auto 10px; display: inline-flex; align-items: center; justify-content: center;\"><span style=\"color: #fff; font-weight: 900;\">3<\/span><\/div>\n<h4 style=\"font-size: 13px; font-weight: 800; color: #d10a11; margin: 0;\">LUSTRER<\/h4>\n<\/div>\n<div style=\"background: #fff; border-radius: 15px; padding: 20px 10px; text-align: center; box-shadow: 0 4px 12px rgba(0,0,0,0.05);\">\n<div style=\"width: 50px; height: 50px; background: #d10a11; border-radius: 50%; margin: 0 auto 10px; display: inline-flex; align-items: center; justify-content: center;\"><span style=\"color: #fff; font-weight: 900;\">4<\/span><\/div>\n<h4 style=\"font-size: 13px; font-weight: 800; color: #d10a11; margin: 0;\">PR\u00caT<\/h4>\n<\/div>\n<\/div>\n<div style=\"text-align: center; background: #fff; border: 2px solid #d10a11; padding: 15px; border-radius: 12px;\">\n<p style=\"font-size: 16px; color: #d10a11; margin: 0; font-weight: bold;\">\u23f1 TEMPS TOTAL : ~3 MINUTES<\/p>\n<\/div>\n<\/div>\n<div style=\"flex: 1; min-width: 280px;\">\n<div style=\"border-radius: 15px; overflow: hidden; box-shadow: 0 10px 30px rgba(0,0,0,0.05);\"><img decoding=\"async\" style=\"width: 100%; display: block;\" src=\"https:\/\/craftcleaners.eu\/wp-content\/uploads\/2025\/11\/instrukcja-tarcza.jpg\" alt=\"Instructions\" \/><\/div>\n<\/div>\n<\/div>\n<\/div>\n<\/div>\n<div style=\"background: #ffffff; padding: 60px 20px;\">\n<div style=\"max-width: 1000px; margin: 0 auto;\">\n<div style=\"text-align: center; margin-bottom: 40px;\">\n<h2 style=\"font-size: clamp(32px, 6vw, 42px); font-weight: 900; color: #1a1a1a; margin: 0 0 15px 0; text-transform: uppercase; letter-spacing: -1px;\">Compatibilit\u00e9 <span style=\"color: #d10a11;\">Universelle<\/span><\/h2>\n<p style=\"font-size: 16px; color: #666;\">S\u00fbr pour TOUTES les surfaces \u2013 recommand\u00e9 \u00e9galement comme booster<\/p>\n<\/div>\n<div style=\"display: flex; flex-wrap: wrap; gap: 20px;\">\n<div style=\"flex: 1; min-width: 260px; background: #f9f9f9; border-radius: 16px; padding: 25px; border: 1px solid #eee;\">\n<h3 style=\"font-size: 18px; font-weight: 800; color: #d10a11; margin: 0 0 15px 0; border-bottom: 1px solid #ddd; padding-bottom: 10px;\">Peinture &#038; Surfaces<\/h3>\n<ul style=\"list-style: none; padding: 0; margin: 0; color: #444; font-size: 14px; line-height: 2;\">\n<li>\u2713 Peinture Brillante, Mate &#038; M\u00e9tallis\u00e9e<\/li>\n<li>\u2713 Films PPF &#038; Wrappings vinyle<\/li>\n<li>\u2713 Jantes &#038; Chromes<\/li>\n<li>\u2713 Booster pour protections C\u00e9ramiques<\/li>\n<\/ul>\n<\/div>\n<div style=\"flex: 1; min-width: 260px; background: #f9f9f9; border-radius: 16px; padding: 25px; border: 1px solid #eee;\">\n<h3 style=\"font-size: 18px; font-weight: 800; color: #d10a11; margin: 0 0 15px 0; border-bottom: 1px solid #ddd; padding-bottom: 10px;\">Au-del\u00e0 de la voiture<\/h3>\n<ul style=\"list-style: none; padding: 0; margin: 0; color: #444; font-size: 14px; line-height: 2;\">\n<li>\u2713 Motos &#038; Quads<\/li>\n<li>\u2713 Bateaux &#038; Jet Skis<\/li>\n<li>\u2713 Drones &#038; Radiocommand\u00e9s<\/li>\n<li>\u2713 Casques &#038; Visi\u00e8res<\/li>\n<\/ul>\n<\/div>\n<\/div>\n<\/div>\n<\/div>\n<div style=\"background: #f1f3f4; padding: 60px 20px;\">\n<div style=\"max-width: 800px; margin: 0 auto;\">\n<div style=\"background: #fff; border: 1px solid #ddd; border-radius: 20px; overflow: hidden; box-shadow: 0 10px 30px rgba(0,0,0,0.03);\">\n<div style=\"padding: 18px 25px; border-bottom: 1px solid #eee; display: flex; justify-content: space-between;\">\n<p style=\"font-size: 14px; font-weight: bold; color: #d10a11; margin: 0;\">Volume<\/p>\n<p style=\"font-size: 14px; color: #333; margin: 0; font-weight: 600;\">500 ML<\/p>\n<\/div>\n<div style=\"padding: 18px 25px; border-bottom: 1px solid #eee; background: #f9f9f9; display: flex; justify-content: space-between;\">\n<p style=\"font-size: 14px; font-weight: bold; color: #d10a11; margin: 0;\">Formule<\/p>\n<p style=\"font-size: 14px; color: #333; margin: 0; font-weight: 600;\">Rev\u00eatement Polym\u00e8re<\/p>\n<\/div>\n<div style=\"padding: 18px 25px; display: flex; justify-content: space-between;\">\n<p style=\"font-size: 14px; font-weight: bold; color: #d10a11; margin: 0;\">Origine<\/p>\n<p style=\"font-size: 14px; color: #333; margin: 0; font-weight: 600;\">\ud83c\uddf5\ud83c\uddf1 Fabriqu\u00e9 en Pologne<\/p>\n<\/div>\n<\/div>\n<\/div>\n<\/div>\n<\/div>\n","protected":false},"excerpt":{"rendered":"<p>Un rev\u00eatement professionnel et facile \u00e0 utiliser qui offre une brillance intense et une couche protectrice ultra-lisse en seulement 3 minutes \u2728<\/p>\n","protected":false},"featured_media":2505,"comment_status":"closed","ping_status":"closed","template":"","meta":{"site-sidebar-layout":"default","site-content-layout":"","ast-site-content-layout":"default","site-content-style":"default","site-sidebar-style":"default","ast-global-header-display":"","ast-banner-title-visibility":"","ast-main-header-display":"","ast-hfb-above-header-display":"","ast-hfb-below-header-display":"","ast-hfb-mobile-header-display":"","site-post-title":"","ast-breadcrumbs-content":"","ast-featured-img":"","footer-sml-layout":"","theme-transparent-header-meta":"disabled","adv-header-id-meta":"","stick-header-meta":"","header-above-stick-meta":"","header-main-stick-meta":"","header-below-stick-meta":"","astra-migrate-meta-layouts":"default","ast-page-background-enabled":"default","ast-page-background-meta":{"desktop":{"background-color":"var(--ast-global-color-5)","background-image":"","background-repeat":"repeat","background-position":"center center","background-size":"auto","background-attachment":"scroll","background-type":"","background-media":"","overlay-type":"","overlay-color":"","overlay-opacity":"","overlay-gradient":""},"tablet":{"background-color":"","background-image":"","background-repeat":"repeat","background-position":"center center","background-size":"auto","background-attachment":"scroll","background-type":"","background-media":"","overlay-type":"","overlay-color":"","overlay-opacity":"","overlay-gradient":""},"mobile":{"background-color":"","background-image":"","background-repeat":"repeat","background-position":"center center","background-size":"auto","background-attachment":"scroll","background-type":"","background-media":"","overlay-type":"","overlay-color":"","overlay-opacity":"","overlay-gradient":""}},"ast-content-background-meta":{"desktop":{"background-color":"var(--ast-global-color-4)","background-image":"","background-repeat":"repeat","background-position":"center center","background-size":"auto","background-attachment":"scroll","background-type":"","background-media":"","overlay-type":"","overlay-color":"","overlay-opacity":"","overlay-gradient":""},"tablet":{"background-color":"var(--ast-global-color-4)","background-image":"","background-repeat":"repeat","background-position":"center center","background-size":"auto","background-attachment":"scroll","background-type":"","background-media":"","overlay-type":"","overlay-color":"","overlay-opacity":"","overlay-gradient":""},"mobile":{"background-color":"var(--ast-global-color-4)","background-image":"","background-repeat":"repeat","background-position":"center center","background-size":"auto","background-attachment":"scroll","background-type":"","background-media":"","overlay-type":"","overlay-color":"","overlay-opacity":"","overlay-gradient":""}}},"product_brand":[],"product_cat":[97,96],"product_tag":[],"class_list":{"0":"post-2227","1":"product","2":"type-product","3":"status-publish","4":"has-post-thumbnail","6":"product_cat-bestsellers","7":"product_cat-car-care-products","8":"desktop-align-left","9":"tablet-align-left","10":"mobile-align-left","12":"first","13":"instock","14":"sale","15":"taxable","16":"shipping-taxable","17":"purchasable","18":"product-type-simple"},"_links":{"self":[{"href":"https:\/\/craftcleaners.eu\/fr\/wp-json\/wp\/v2\/product\/2227","targetHints":{"allow":["GET"]}}],"collection":[{"href":"https:\/\/craftcleaners.eu\/fr\/wp-json\/wp\/v2\/product"}],"about":[{"href":"https:\/\/craftcleaners.eu\/fr\/wp-json\/wp\/v2\/types\/product"}],"replies":[{"embeddable":true,"href":"https:\/\/craftcleaners.eu\/fr\/wp-json\/wp\/v2\/comments?post=2227"}],"wp:featuredmedia":[{"embeddable":true,"href":"https:\/\/craftcleaners.eu\/fr\/wp-json\/wp\/v2\/media\/2505"}],"wp:attachment":[{"href":"https:\/\/craftcleaners.eu\/fr\/wp-json\/wp\/v2\/media?parent=2227"}],"wp:term":[{"taxonomy":"product_brand","embeddable":true,"href":"https:\/\/craftcleaners.eu\/fr\/wp-json\/wp\/v2\/product_brand?post=2227"},{"taxonomy":"product_cat","embeddable":true,"href":"https:\/\/craftcleaners.eu\/fr\/wp-json\/wp\/v2\/product_cat?post=2227"},{"taxonomy":"product_tag","embeddable":true,"href":"https:\/\/craftcleaners.eu\/fr\/wp-json\/wp\/v2\/product_tag?post=2227"}],"curies":[{"name":"wp","href":"https:\/\/api.w.org\/{rel}","templated":true}]}}