{"id":2137,"date":"2024-12-13T18:15:59","date_gmt":"2024-12-13T17:15:59","guid":{"rendered":"https:\/\/craftcleaners.eu\/termes-et-conditions\/"},"modified":"2025-11-16T16:59:45","modified_gmt":"2025-11-16T15:59:45","slug":"termes-et-conditions","status":"publish","type":"page","link":"https:\/\/craftcleaners.eu\/fr\/termes-et-conditions\/","title":{"rendered":"Termes et conditions"},"content":{"rendered":"\n\r\n\r\n\r\n    <meta charset=\"UTF-8\"\/>\r\n    <meta name=\"viewport\" content=\"width=device-width, initial-scale=1.0\"\/>\r\n    <title>Conditions G\u00e9n\u00e9rales &#8211; Craft Cleaners<\/title>\r\n    <style>\r\n\/* Google Fonts *\/\r\n@import url('https:\/\/fonts.googleapis.com\/css2?family=Sora:wght@300;400;600;700;800&display=swap');\r\n\r\n\/* Reset and Base *\/\r\n* {\r\n    margin: 0;\r\n    padding: 0;\r\n    box-sizing: border-box;\r\n}\r\n\r\nbody {\r\n    font-family: 'Sora', -apple-system, BlinkMacSystemFont, sans-serif;\r\n    background: #000;\r\n    color: #fff;\r\n    overflow-x: hidden;\r\n}\r\n\r\n\/* Page Header *\/\r\n.cc-page-header {\r\n    background: linear-gradient(135deg, rgba(209, 10, 17, 0.1), rgba(0, 0, 0, 0.9)), \r\n                url('https:\/\/images.unsplash.com\/photo-1450101499163-c8848c66ca85?q=80&w=2070') center\/cover;\r\n    padding: 120px 20px 80px;\r\n    text-align: center;\r\n    border-bottom: 1px solid rgba(209, 10, 17, 0.2);\r\n}\r\n\r\n.cc-page-title {\r\n    font-size: clamp(40px, 8vw, 64px);\r\n    font-weight: 800;\r\n    margin-bottom: 15px;\r\n    text-transform: uppercase;\r\n}\r\n\r\n.cc-page-subtitle {\r\n    font-size: 14px;\r\n    opacity: 0.7;\r\n    letter-spacing: 2px;\r\n    text-transform: uppercase;\r\n}\r\n\r\n\/* Content Section *\/\r\n.cc-content-section {\r\n    background: #000;\r\n    padding: 80px 20px;\r\n}\r\n\r\n.cc-content-container {\r\n    max-width: 900px;\r\n    margin: 0 auto;\r\n}\r\n\r\n.cc-last-updated {\r\n    text-align: center;\r\n    font-size: 13px;\r\n    opacity: 0.6;\r\n    margin-bottom: 50px;\r\n    padding-bottom: 30px;\r\n    border-bottom: 1px solid rgba(255, 255, 255, 0.1);\r\n}\r\n\r\n.cc-terms-section {\r\n    margin-bottom: 50px;\r\n    padding: 40px;\r\n    background: rgba(255, 255, 255, 0.03);\r\n    border: 1px solid rgba(255, 255, 255, 0.08);\r\n    border-radius: 15px;\r\n    transition: all 0.3s ease;\r\n}\r\n\r\n.cc-terms-section:hover {\r\n    border-color: rgba(209, 10, 17, 0.3);\r\n    background: rgba(255, 255, 255, 0.05);\r\n}\r\n\r\n.cc-section-number {\r\n    display: inline-block;\r\n    background: linear-gradient(135deg, #d10a11, #a00810);\r\n    color: #fff;\r\n    width: 40px;\r\n    height: 40px;\r\n    border-radius: 50%;\r\n    text-align: center;\r\n    line-height: 40px;\r\n    font-weight: 800;\r\n    font-size: 18px;\r\n    margin-bottom: 20px;\r\n}\r\n\r\n.cc-section-title {\r\n    font-size: 24px;\r\n    font-weight: 700;\r\n    margin-bottom: 20px;\r\n    color: #fff;\r\n    text-transform: uppercase;\r\n    letter-spacing: 1px;\r\n}\r\n\r\n.cc-section-content p {\r\n    font-size: 15px;\r\n    line-height: 1.8;\r\n    opacity: 0.85;\r\n    margin-bottom: 15px;\r\n}\r\n\r\n.cc-section-content strong {\r\n    color: #d10a11;\r\n    font-weight: 700;\r\n}\r\n\r\n.cc-subsection {\r\n    margin: 25px 0;\r\n    padding-left: 20px;\r\n    border-left: 2px solid rgba(209, 10, 17, 0.3);\r\n}\r\n\r\n.cc-subsection-title {\r\n    font-size: 16px;\r\n    font-weight: 700;\r\n    margin-bottom: 10px;\r\n    color: #d10a11;\r\n}\r\n\r\n.cc-list {\r\n    list-style: none;\r\n    padding-left: 0;\r\n    margin: 15px 0;\r\n}\r\n\r\n.cc-list li {\r\n    position: relative;\r\n    padding-left: 30px;\r\n    margin-bottom: 12px;\r\n    font-size: 15px;\r\n    line-height: 1.8;\r\n    opacity: 0.85;\r\n}\r\n\r\n.cc-list li::before {\r\n    content: '\u2726';\r\n    position: absolute;\r\n    left: 0;\r\n    color: #d10a11;\r\n    font-size: 12px;\r\n}\r\n\r\n\/* Contact Box *\/\r\n.cc-contact-box {\r\n    background: linear-gradient(135deg, rgba(209, 10, 17, 0.1), rgba(209, 10, 17, 0.05));\r\n    border: 2px solid rgba(209, 10, 17, 0.3);\r\n    padding: 40px;\r\n    border-radius: 15px;\r\n    text-align: center;\r\n    margin-top: 60px;\r\n}\r\n\r\n.cc-contact-title {\r\n    font-size: 24px;\r\n    font-weight: 700;\r\n    margin-bottom: 15px;\r\n    color: #d10a11;\r\n}\r\n\r\n.cc-contact-text {\r\n    font-size: 15px;\r\n    line-height: 1.8;\r\n    opacity: 0.85;\r\n    margin-bottom: 25px;\r\n}\r\n\r\n.cc-contact-info {\r\n    display: flex;\r\n    justify-content: center;\r\n    gap: 40px;\r\n    flex-wrap: wrap;\r\n    margin-top: 25px;\r\n}\r\n\r\n.cc-contact-item {\r\n    font-size: 14px;\r\n}\r\n\r\n.cc-contact-item strong {\r\n    display: block;\r\n    color: #d10a11;\r\n    margin-bottom: 5px;\r\n    font-size: 12px;\r\n    text-transform: uppercase;\r\n    letter-spacing: 1px;\r\n}\r\n\r\n.cc-contact-item a {\r\n    color: #fff;\r\n    text-decoration: none;\r\n    transition: color 0.3s ease;\r\n}\r\n\r\n.cc-contact-item a:hover {\r\n    color: #d10a11;\r\n}\r\n\r\n\/* Footer *\/\r\n.cc-footer {\r\n    background: #000;\r\n    padding: 80px 20px 40px;\r\n    border-top: 1px solid rgba(255, 255, 255, 0.1);\r\n}\r\n\r\n.cc-footer-content {\r\n    max-width: 1400px;\r\n    margin: 0 auto;\r\n    display: grid;\r\n    grid-template-columns: 2fr 1fr 1fr 1fr;\r\n    gap: 60px;\r\n    margin-bottom: 60px;\r\n}\r\n\r\n.cc-footer-logo {\r\n    font-size: 28px;\r\n    font-weight: 800;\r\n    margin-bottom: 20px;\r\n}\r\n\r\n.cc-footer-logo span {\r\n    color: #d10a11;\r\n}\r\n\r\n.cc-footer-desc {\r\n    font-size: 14px;\r\n    opacity: 0.6;\r\n    line-height: 1.6;\r\n}\r\n\r\n.cc-footer-column h4 {\r\n    font-size: 16px;\r\n    font-weight: 700;\r\n    margin-bottom: 20px;\r\n    text-transform: uppercase;\r\n    letter-spacing: 1px;\r\n}\r\n\r\n.cc-footer-column ul {\r\n    list-style: none;\r\n}\r\n\r\n.cc-footer-column ul li {\r\n    margin-bottom: 12px;\r\n}\r\n\r\n.cc-footer-column ul li a {\r\n    color: rgba(255, 255, 255, 0.6);\r\n    text-decoration: none;\r\n    font-size: 14px;\r\n    transition: color 0.3s;\r\n}\r\n\r\n.cc-footer-column ul li a:hover {\r\n    color: #d10a11;\r\n}\r\n\r\n.cc-footer-bottom {\r\n    text-align: center;\r\n    padding-top: 40px;\r\n    border-top: 1px solid rgba(255, 255, 255, 0.1);\r\n    font-size: 14px;\r\n    opacity: 0.5;\r\n}\r\n\r\n\/* Responsive *\/\r\n@media (max-width: 1024px) {\r\n    .cc-footer-content {\r\n        grid-template-columns: 1fr 1fr;\r\n    }\r\n}\r\n\r\n@media (max-width: 768px) {\r\n    .cc-footer-content {\r\n        grid-template-columns: 1fr;\r\n        gap: 40px;\r\n    }\r\n    \r\n    .cc-terms-section {\r\n        padding: 25px;\r\n    }\r\n    \r\n    .cc-contact-info {\r\n        flex-direction: column;\r\n        gap: 20px;\r\n    }\r\n}\r\n    <\/style>\r\n\r\n\r\n\r\n<!-- Page Header -->\r\n<section class=\"cc-page-header\">\r\n    <h1 class=\"cc-page-title\">Conditions G\u00e9n\u00e9rales<\/h1>\r\n    <p class=\"cc-page-subtitle\">Conditions G\u00e9n\u00e9rales de Vente<\/p>\r\n<\/section>\r\n\r\n<!-- Content Section -->\r\n<section class=\"cc-content-section\">\r\n    <div class=\"cc-content-container\">\r\n        \r\n        <div class=\"cc-last-updated\">\r\n            Derni\u00e8re mise \u00e0 jour : Janvier 2025\r\n        <\/div>\r\n\r\n        <!-- Section 1 -->\r\n        <div class=\"cc-terms-section\">\r\n            <div class=\"cc-section-number\">1<\/div>\r\n            <h2 class=\"cc-section-title\">Informations G\u00e9n\u00e9rales<\/h2>\r\n            <div class=\"cc-section-content\">\r\n                <div class=\"cc-subsection\">\r\n                    <p class=\"cc-subsection-title\">1.1 D\u00e9tails de l&rsquo;op\u00e9rateur<\/p>\r\n                    <p>La boutique en ligne CraftCleaners.eu est exploit\u00e9e par :<\/p>\r\n                    <ul class=\"cc-list\">\r\n                        <li><strong>Soci\u00e9t\u00e9 :<\/strong> Ecommate Sp. z o.o.<\/li>\r\n                        <li><strong>NIP :<\/strong> 5671930881<\/li>\r\n                        <li><strong>REGON :<\/strong> 527446995<\/li>\r\n                        <li><strong>Forme juridique :<\/strong> Soci\u00e9t\u00e9 \u00e0 responsabilit\u00e9 limit\u00e9e<\/li>\r\n                    <\/ul>\r\n                <\/div>\r\n\r\n                <div class=\"cc-subsection\">\r\n                    <p class=\"cc-subsection-title\">1.2 Coordonn\u00e9es<\/p>\r\n                    <p>Vous pouvez contacter la boutique par e-mail \u00e0 l&rsquo;adresse : <strong>contact@craftcleaners.eu<\/strong><\/p>\r\n                <\/div>\r\n\r\n                <div class=\"cc-subsection\">\r\n                    <p class=\"cc-subsection-title\">1.3 Champ d&rsquo;application<\/p>\r\n                    <p>Les pr\u00e9sentes Conditions G\u00e9n\u00e9rales de Vente (CGV) r\u00e9gissent les conditions d&rsquo;achat dans le magasin CraftCleaners.eu.<\/p>\r\n                <\/div>\r\n\r\n                <div class=\"cc-subsection\">\r\n                    <p class=\"cc-subsection-title\">1.4 Acceptation des conditions<\/p>\r\n                    <p>Le client accepte les pr\u00e9sentes CGV en passant une commande.<\/p>\r\n                <\/div>\r\n            <\/div>\r\n        <\/div>\r\n\r\n        <!-- Section 2 -->\r\n        <div class=\"cc-terms-section\">\r\n            <div class=\"cc-section-number\">2<\/div>\r\n            <h2 class=\"cc-section-title\">Commandes<\/h2>\r\n            <div class=\"cc-section-content\">\r\n                <div class=\"cc-subsection\">\r\n                    <p class=\"cc-subsection-title\">2.1 Admissibilit\u00e9 des commandes<\/p>\r\n                    <p>Les commandes peuvent \u00eatre pass\u00e9es par des adultes ayant pleine capacit\u00e9 juridique.<\/p>\r\n                <\/div>\r\n\r\n                <div class=\"cc-subsection\">\r\n                    <p class=\"cc-subsection-title\">2.2 Disponibilit\u00e9 des commandes<\/p>\r\n                    <p>Les commandes sont accept\u00e9es 24h\/24 et 7j\/7 via le site web CraftCleaners.eu.<\/p>\r\n                <\/div>\r\n\r\n                <div class=\"cc-subsection\">\r\n                    <p class=\"cc-subsection-title\">2.3 Exigences de commande<\/p>\r\n                    <p>La condition pr\u00e9alable au traitement d&rsquo;une commande est le remplissage correct du formulaire de commande.<\/p>\r\n                <\/div>\r\n            <\/div>\r\n        <\/div>\r\n\r\n        <!-- Section 3 -->\r\n        <div class=\"cc-terms-section\">\r\n            <div class=\"cc-section-number\">3<\/div>\r\n            <h2 class=\"cc-section-title\">Prix et paiements<\/h2>\r\n            <div class=\"cc-section-content\">\r\n                <div class=\"cc-subsection\">\r\n                    <p class=\"cc-subsection-title\">3.1 Tarification<\/p>\r\n                    <p>Tous les prix sont indiqu\u00e9s en zloty polonais (PLN) et incluent la TVA.<\/p>\r\n                <\/div>\r\n\r\n                <div class=\"cc-subsection\">\r\n                    <p class=\"cc-subsection-title\">3.2 M\u00e9thodes de paiement<\/p>\r\n                    <p>Le client peut choisir l&rsquo;une des m\u00e9thodes de paiement suivantes :<\/p>\r\n                    <ul class=\"cc-list\">\r\n                        <li>Virement bancaire<\/li>\r\n                        <li>Paiement en ligne (PayPal)<\/li>\r\n                        <li>Paiement \u00e0 la livraison<\/li>\r\n                    <\/ul>\r\n                <\/div>\r\n            <\/div>\r\n        <\/div>\r\n\r\n        <!-- Section 4 -->\r\n        <div class=\"cc-terms-section\">\r\n            <div class=\"cc-section-number\">4<\/div>\r\n            <h2 class=\"cc-section-title\">Traitement des commandes<\/h2>\r\n            <div class=\"cc-section-content\">\r\n                <div class=\"cc-subsection\">\r\n                    <p class=\"cc-subsection-title\">4.1 D\u00e9lai de livraison<\/p>\r\n                    <p>Le d\u00e9lai de livraison est de <strong>1 \u00e0 5 jours ouvrables<\/strong>, en fonction de la disponibilit\u00e9 du produit.<\/p>\r\n                <\/div>\r\n\r\n                <div class=\"cc-subsection\">\r\n                    <p class=\"cc-subsection-title\">4.2 Notification de retard<\/p>\r\n                    <p>Le client sera inform\u00e9 de tout retard dans le traitement de la commande.<\/p>\r\n                <\/div>\r\n\r\n                <div class=\"cc-subsection\">\r\n                    <p class=\"cc-subsection-title\">4.3 Ex\u00e9cution de la commande<\/p>\r\n                    <p>Si la commande ne peut \u00eatre ex\u00e9cut\u00e9e, le vendeur contactera le client pour clarifier les \u00e9tapes suivantes.<\/p>\r\n                <\/div>\r\n            <\/div>\r\n        <\/div>\r\n\r\n        <!-- Section 5 -->\r\n        <div class=\"cc-terms-section\">\r\n            <div class=\"cc-section-number\">5<\/div>\r\n            <h2 class=\"cc-section-title\">Livraison<\/h2>\r\n            <div class=\"cc-section-content\">\r\n                <div class=\"cc-subsection\">\r\n                    <p class=\"cc-subsection-title\">5.1 Frais d&rsquo;exp\u00e9dition<\/p>\r\n                    <p>Les frais d&rsquo;exp\u00e9dition sont \u00e0 la charge du client, sauf indication contraire dans une offre ou une promotion.<\/p>\r\n                <\/div>\r\n\r\n                <div class=\"cc-subsection\">\r\n                    <p class=\"cc-subsection-title\">5.2 M\u00e9thodes de livraison<\/p>\r\n                    <p>Les livraisons sont effectu\u00e9es via des services de messagerie et des points de retrait.<\/p>\r\n                <\/div>\r\n            <\/div>\r\n        <\/div>\r\n\r\n        <!-- Section 6 -->\r\n        <div class=\"cc-terms-section\">\r\n            <div class=\"cc-section-number\">6<\/div>\r\n            <h2 class=\"cc-section-title\">R\u00e9clamations et retours<\/h2>\r\n            <div class=\"cc-section-content\">\r\n                <div class=\"cc-subsection\">\r\n                    <p class=\"cc-subsection-title\">6.1 Droit de retour<\/p>\r\n                    <p>Le client a le droit de retourner les marchandises achet\u00e9es sans donner de motif dans les <strong>14 jours suivant la r\u00e9ception<\/strong>.<\/p>\r\n                <\/div>\r\n\r\n                <div class=\"cc-subsection\">\r\n                    <p class=\"cc-subsection-title\">6.2 D\u00e9p\u00f4t de r\u00e9clamation<\/p>\r\n                    <p>Les r\u00e9clamations doivent \u00eatre soumises par \u00e9crit \u00e0 l&rsquo;adresse de l&rsquo;entreprise ou par e-mail \u00e0 <strong>contact@craftcleaners.eu<\/strong>.<\/p>\r\n                <\/div>\r\n\r\n                <div class=\"cc-subsection\">\r\n                    <p class=\"cc-subsection-title\">6.3 Traitement des r\u00e9clamations<\/p>\r\n                    <p>Si la r\u00e9clamation est accept\u00e9e, le vendeur prendra en charge les frais d&rsquo;exp\u00e9dition.<\/p>\r\n                <\/div>\r\n            <\/div>\r\n        <\/div>\r\n\r\n        <!-- Section 7 -->\r\n        <div class=\"cc-terms-section\">\r\n            <div class=\"cc-section-number\">7<\/div>\r\n            <h2 class=\"cc-section-title\">Donn\u00e9es personnelles<\/h2>\r\n            <div class=\"cc-section-content\">\r\n                <div class=\"cc-subsection\">\r\n                    <p class=\"cc-subsection-title\">7.1 Administrateur des donn\u00e9es<\/p>\r\n                    <p>L&rsquo;administrateur des donn\u00e9es personnelles est <strong>Ecommate Sp. z o.o.<\/strong>, NIP : 5671930881.<\/p>\r\n                <\/div>\r\n\r\n                <div class=\"cc-subsection\">\r\n                    <p class=\"cc-subsection-title\">7.2 Traitement des donn\u00e9es<\/p>\r\n                    <p>Les donn\u00e9es personnelles seront trait\u00e9es exclusivement aux fins du traitement des commandes et \u00e0 des fins marketingues avec le consentement du client.<\/p>\r\n                    <p>Pour plus d&rsquo;informations, veuillez consulter notre <a href=\"https:\/\/craftcleaners.eu\/fr\/politique-de-confidentialite\/\" style=\"color: #d10a11; text-decoration: underline;\">Politique de confidentialit\u00e9<\/a>.<\/p>\r\n                <\/div>\r\n            <\/div>\r\n        <\/div>\r\n\r\n        <!-- Section 8 -->\r\n        <div class=\"cc-terms-section\">\r\n            <div class=\"cc-section-number\">8<\/div>\r\n            <h2 class=\"cc-section-title\">Dispositions finales<\/h2>\r\n            <div class=\"cc-section-content\">\r\n                <div class=\"cc-subsection\">\r\n                    <p class=\"cc-subsection-title\">8.1 Loi applicable<\/p>\r\n                    <p>Pour les questions non r\u00e9glement\u00e9es par les pr\u00e9sentes Conditions G\u00e9n\u00e9rales, les dispositions du Code civil allemand (BGB) s&rsquo;appliquent.<\/p>\r\n                <\/div>\r\n\r\n                <div class=\"cc-subsection\">\r\n                    <p class=\"cc-subsection-title\">8.2 Modifications<\/p>\r\n                    <p>Le Vendeur se r\u00e9serve le droit de modifier les pr\u00e9sentes Conditions G\u00e9n\u00e9rales. Les clients seront inform\u00e9s de tout changement.<\/p>\r\n                <\/div>\r\n            <\/div>\r\n        <\/div>\r\n\r\n        <!-- Contact Box -->\r\n        <div class=\"cc-contact-box\">\r\n            <h3 class=\"cc-contact-title\">Des questions sur nos conditions ?<\/h3>\r\n            <p class=\"cc-contact-text\">Si vous avez des questions concernant les pr\u00e9sentes Conditions G\u00e9n\u00e9rales, n&rsquo;h\u00e9sitez pas \u00e0 nous contacter.<\/p>\r\n            <div class=\"cc-contact-info\">\r\n                <div class=\"cc-contact-item\">\r\n                    <strong>E-mail<\/strong>\r\n                    <a href=\"mailto:contact@craftcleaners.eu\">contact@craftcleaners.eu<\/a>\r\n                <\/div>\r\n                <div class=\"cc-contact-item\">\r\n                    <strong>Site web<\/strong>\r\n                    <a href=\"https:\/\/craftcleaners.eu\/fr\/\" target=\"_blank\">craftcleaners.eu<\/a>\r\n                <\/div>\r\n            <\/div>\r\n        <\/div>\r\n\r\n    <\/div>\r\n<\/section>\r\n\r\n<!-- Footer -->\r\n<footer class=\"cc-footer\">\r\n    <div class=\"cc-footer-content\">\r\n        <div class=\"cc-footer-column\">\r\n            <div class=\"cc-footer-logo\">Craft <span>Cleaners<\/span><\/div>\r\n            <p class=\"cc-footer-desc\">Produits de detailing professionnels pour les clients exigeants. Une qualit\u00e9 premium \u00e0 laquelle vous pouvez faire confiance avec des r\u00e9sultats visibles et durables.<\/p>\r\n        <\/div>\r\n        \r\n        <div class=\"cc-footer-column\">\r\n            <h4>Liens rapides<\/h4>\r\n            <ul>\r\n                <li><a href=\"https:\/\/craftcleaners.eu\/fr\/politique-de-confidentialite\/\" target=\"_blank\">Politique de confidentialit\u00e9<\/a><\/li>\r\n                <li><a href=\"https:\/\/craftcleaners.eu\/fr\/termes-et-conditions\/\" target=\"_blank\">Conditions G\u00e9n\u00e9rales<\/a><\/li>\r\n            <\/ul>\r\n        <\/div>\r\n        \r\n        <div class=\"cc-footer-column\">\r\n            <h4>Contact<\/h4>\r\n            <ul>\r\n                <li><a href=\"mailto:contact@craftcleaners.eu\">contact@craftcleaners.eu<\/a><\/li>\r\n                <li><a href=\"https:\/\/craftcleaners.eu\/fr\/\" target=\"_blank\">craftcleaners.eu<\/a><\/li>\r\n            <\/ul>\r\n        <\/div>\r\n    <\/div>\r\n<\/footer>\r\n\r\n\r\n\n","protected":false},"excerpt":{"rendered":"<p>Conditions G\u00e9n\u00e9rales &#8211; Craft Cleaners Conditions G\u00e9n\u00e9rales Conditions G\u00e9n\u00e9rales de Vente Derni\u00e8re mise \u00e0 jour : Janvier 2025 1 Informations [&hellip;]<\/p>\n","protected":false},"author":2,"featured_media":0,"parent":0,"menu_order":0,"comment_status":"closed","ping_status":"closed","template":"","meta":{"site-sidebar-layout":"default","site-content-layout":"","ast-site-content-layout":"default","site-content-style":"default","site-sidebar-style":"default","ast-global-header-display":"","ast-banner-title-visibility":"","ast-main-header-display":"","ast-hfb-above-header-display":"","ast-hfb-below-header-display":"","ast-hfb-mobile-header-display":"","site-post-title":"","ast-breadcrumbs-content":"","ast-featured-img":"","footer-sml-layout":"","theme-transparent-header-meta":"","adv-header-id-meta":"","stick-header-meta":"","header-above-stick-meta":"","header-main-stick-meta":"","header-below-stick-meta":"","astra-migrate-meta-layouts":"default","ast-page-background-enabled":"default","ast-page-background-meta":{"desktop":{"background-color":"var(--ast-global-color-5)","background-image":"","background-repeat":"repeat","background-position":"center center","background-size":"auto","background-attachment":"scroll","background-type":"","background-media":"","overlay-type":"","overlay-color":"","overlay-opacity":"","overlay-gradient":""},"tablet":{"background-color":"","background-image":"","background-repeat":"repeat","background-position":"center center","background-size":"auto","background-attachment":"scroll","background-type":"","background-media":"","overlay-type":"","overlay-color":"","overlay-opacity":"","overlay-gradient":""},"mobile":{"background-color":"","background-image":"","background-repeat":"repeat","background-position":"center center","background-size":"auto","background-attachment":"scroll","background-type":"","background-media":"","overlay-type":"","overlay-color":"","overlay-opacity":"","overlay-gradient":""}},"ast-content-background-meta":{"desktop":{"background-color":"var(--ast-global-color-4)","background-image":"","background-repeat":"repeat","background-position":"center center","background-size":"auto","background-attachment":"scroll","background-type":"","background-media":"","overlay-type":"","overlay-color":"","overlay-opacity":"","overlay-gradient":""},"tablet":{"background-color":"var(--ast-global-color-4)","background-image":"","background-repeat":"repeat","background-position":"center center","background-size":"auto","background-attachment":"scroll","background-type":"","background-media":"","overlay-type":"","overlay-color":"","overlay-opacity":"","overlay-gradient":""},"mobile":{"background-color":"var(--ast-global-color-4)","background-image":"","background-repeat":"repeat","background-position":"center center","background-size":"auto","background-attachment":"scroll","background-type":"","background-media":"","overlay-type":"","overlay-color":"","overlay-opacity":"","overlay-gradient":""}},"footnotes":""},"class_list":["post-2137","page","type-page","status-publish","hentry"],"_links":{"self":[{"href":"https:\/\/craftcleaners.eu\/fr\/wp-json\/wp\/v2\/pages\/2137","targetHints":{"allow":["GET"]}}],"collection":[{"href":"https:\/\/craftcleaners.eu\/fr\/wp-json\/wp\/v2\/pages"}],"about":[{"href":"https:\/\/craftcleaners.eu\/fr\/wp-json\/wp\/v2\/types\/page"}],"author":[{"embeddable":true,"href":"https:\/\/craftcleaners.eu\/fr\/wp-json\/wp\/v2\/users\/2"}],"replies":[{"embeddable":true,"href":"https:\/\/craftcleaners.eu\/fr\/wp-json\/wp\/v2\/comments?post=2137"}],"version-history":[{"count":2,"href":"https:\/\/craftcleaners.eu\/fr\/wp-json\/wp\/v2\/pages\/2137\/revisions"}],"predecessor-version":[{"id":2177,"href":"https:\/\/craftcleaners.eu\/fr\/wp-json\/wp\/v2\/pages\/2137\/revisions\/2177"}],"wp:attachment":[{"href":"https:\/\/craftcleaners.eu\/fr\/wp-json\/wp\/v2\/media?parent=2137"}],"curies":[{"name":"wp","href":"https:\/\/api.w.org\/{rel}","templated":true}]}}