{"id":2124,"date":"2024-11-18T08:47:20","date_gmt":"2024-11-18T07:47:20","guid":{"rendered":"https:\/\/craftcleaners.eu\/panier\/"},"modified":"2025-11-16T16:59:45","modified_gmt":"2025-11-16T15:59:45","slug":"panier","status":"publish","type":"page","link":"https:\/\/craftcleaners.eu\/fr\/panier\/","title":{"rendered":"Panier"},"content":{"rendered":"\n<h2 class=\"wp-block-heading has-text-align-center\">Panier<\/h2>\n\n<div data-block-name=\"woocommerce\/cart\" data-translated-with-w-p-m-l-t-m=\"1\" class=\"wp-block-woocommerce-cart is-loading\">\n<div data-block-name=\"woocommerce\/filled-cart-block\" data-translated-with-w-p-m-l-t-m=\"1\" class=\"wp-block-woocommerce-filled-cart-block\">\n<div data-block-name=\"woocommerce\/cart-items-block\" data-translated-with-w-p-m-l-t-m=\"1\" class=\"wp-block-woocommerce-cart-items-block\">\n<div data-block-name=\"woocommerce\/cart-line-items-block\" data-translated-with-w-p-m-l-t-m=\"1\" class=\"wp-block-woocommerce-cart-line-items-block\"><\/div><br>\n\n\n<\/div>\n\n\n\n<div data-block-name=\"woocommerce\/cart-totals-block\" data-translated-with-w-p-m-l-t-m=\"1\" class=\"wp-block-woocommerce-cart-totals-block\">\n<div data-block-name=\"woocommerce\/cart-order-summary-block\" data-translated-with-w-p-m-l-t-m=\"1\" class=\"wp-block-woocommerce-cart-order-summary-block\">\n<div data-block-name=\"woocommerce\/cart-order-summary-heading-block\" data-content=\"R\u00c9SUM\u00c9 DU PANIER\" class=\"wp-block-woocommerce-cart-order-summary-heading-block\"><\/div>\n\n\n\n<div data-block-name=\"woocommerce\/cart-order-summary-coupon-form-block\" data-translated-with-w-p-m-l-t-m=\"1\" class=\"wp-block-woocommerce-cart-order-summary-coupon-form-block\"><\/div><br>\n\n\n\n<div data-block-name=\"woocommerce\/cart-order-summary-totals-block\" data-translated-with-w-p-m-l-t-m=\"1\" class=\"wp-block-woocommerce-cart-order-summary-totals-block\">\n<div data-block-name=\"woocommerce\/cart-order-summary-subtotal-block\" data-metadata=\"{&quot;name&quot;:&quot;s&quot;}\" data-translated-with-w-p-m-l-t-m=\"1\" class=\"wp-block-woocommerce-cart-order-summary-subtotal-block\"><\/div><br>\n\n\n\n<div data-block-name=\"woocommerce\/cart-order-summary-fee-block\" data-translated-with-w-p-m-l-t-m=\"1\" class=\"wp-block-woocommerce-cart-order-summary-fee-block\"><\/div><br>\n\n\n\n<div data-block-name=\"woocommerce\/cart-order-summary-discount-block\" data-translated-with-w-p-m-l-t-m=\"1\" class=\"wp-block-woocommerce-cart-order-summary-discount-block\"><\/div><br>\n\n\n\n<div data-block-name=\"woocommerce\/cart-order-summary-shipping-block\" data-translated-with-w-p-m-l-t-m=\"1\" class=\"wp-block-woocommerce-cart-order-summary-shipping-block\"><\/div><br>\n\n\n\n<div data-block-name=\"woocommerce\/cart-order-summary-taxes-block\" data-translated-with-w-p-m-l-t-m=\"1\" class=\"wp-block-woocommerce-cart-order-summary-taxes-block\"><\/div><br>\n<\/div>\n<\/div>\n\n\n\n<div data-block-name=\"woocommerce\/cart-express-payment-block\" data-translated-with-w-p-m-l-t-m=\"1\" class=\"wp-block-woocommerce-cart-express-payment-block\"><\/div><br>\n\n\n\n<div data-block-name=\"woocommerce\/proceed-to-checkout-block\" class=\"wp-block-woocommerce-proceed-to-checkout-block\"><\/div>\n\n\n\n<div data-block-name=\"woocommerce\/cart-accepted-payment-methods-block\" data-translated-with-w-p-m-l-t-m=\"1\" class=\"wp-block-woocommerce-cart-accepted-payment-methods-block\"><\/div><br>\n<\/div>\n<\/div>\n\n\n\n<div data-block-name=\"woocommerce\/empty-cart-block\" data-translated-with-w-p-m-l-t-m=\"1\" class=\"wp-block-woocommerce-empty-cart-block\">\n<h2 class=\"wp-block-heading has-text-align-center with-empty-cart-icon wc-block-cart__empty-cart__title\">Votre panier est vide !<\/h2>\n\n\n\n<p class=\"has-text-align-center\"><a href=\"https:\/\/craftcleaners.eu\/shop-2\/\">V\u00e9rifier les produits<\/a><\/p>\n\n\n\n<hr class=\"wp-block-separator has-alpha-channel-opacity is-style-dots\"\/>\n\n\n\n<h2 class=\"wp-block-heading has-text-align-center\">Vous pourriez aussi aimer\u00a0:<\/h2>\n\n\n<div data-block-name=\"woocommerce\/product-new\" data-columns=\"4\" data-rows=\"1\" class=\"wc-block-grid wp-block-product-new wp-block-woocommerce-product-new wc-block-product-new has-4-columns\"><ul class=\"wc-block-grid__products\"><li class=\"wc-block-grid__product\">\n\t\t\t\t<a href=\"https:\/\/craftcleaners.eu\/fr\/produkt\/pack-wateroff-x3-essuie-glace-invisible-revetement-hydrophobe-pour-vitres-et-miroirs-kopia\/\" class=\"wc-block-grid__product-link\">\n\t\t\t\t\t<div class=\"wc-block-grid__product-onsale\">\n\t\t\t<span aria-hidden=\"true\">Promo<\/span>\n\t\t\t<span class=\"screen-reader-text\">Produit en promotion<\/span>\n\t\t<\/div>\n\t\t\t\t\t<div class=\"wc-block-grid__product-image\"><img loading=\"lazy\" decoding=\"async\" width=\"300\" height=\"300\" src=\"https:\/\/craftcleaners.eu\/wp-content\/uploads\/2026\/04\/diamond_glass_craftcleaners-300x300.png\" class=\"attachment-woocommerce_thumbnail size-woocommerce_thumbnail\" alt=\"Diamond Glass - Nettoyant professionnel pour vitres\" srcset=\"https:\/\/craftcleaners.eu\/wp-content\/uploads\/2026\/04\/diamond_glass_craftcleaners-300x300.png 300w, https:\/\/craftcleaners.eu\/wp-content\/uploads\/2026\/04\/diamond_glass_craftcleaners-150x150.png 150w, https:\/\/craftcleaners.eu\/wp-content\/uploads\/2026\/04\/diamond_glass_craftcleaners-768x768.png 768w, https:\/\/craftcleaners.eu\/wp-content\/uploads\/2026\/04\/diamond_glass_craftcleaners-600x600.png 600w, https:\/\/craftcleaners.eu\/wp-content\/uploads\/2026\/04\/diamond_glass_craftcleaners-100x100.png 100w, https:\/\/craftcleaners.eu\/wp-content\/uploads\/2026\/04\/diamond_glass_craftcleaners.png 1024w\" sizes=\"auto, (max-width: 300px) 100vw, 300px\" \/><\/div>\n\t\t\t\t\t<div class=\"wc-block-grid__product-title\">Diamond Glass &#8211; Nettoyant professionnel pour vitres<\/div>\n\t\t\t\t<\/a>\n\t\t\t\t<div class=\"wc-block-grid__product-price price\"><del aria-hidden=\"true\"><span class=\"woocommerce-Price-amount amount\">16,99&nbsp;<span class=\"woocommerce-Price-currencySymbol\">&euro;<\/span><\/span><\/del> <span class=\"screen-reader-text\">Le prix initial \u00e9tait\u00a0: 16,99&nbsp;&euro;.<\/span><ins aria-hidden=\"true\"><span class=\"woocommerce-Price-amount amount\">9,99&nbsp;<span class=\"woocommerce-Price-currencySymbol\">&euro;<\/span><\/span><\/ins><span class=\"screen-reader-text\">Le prix actuel est\u00a0: 9,99&nbsp;&euro;.<\/span><\/div>\n\t\t\t\t\n\t\t\t\t<div class=\"wp-block-button wc-block-grid__product-add-to-cart\"><a href=\"\/fr\/wp-json\/wp\/v2\/pages\/2124?add-to-cart=2420\" aria-label=\"Ajouter au panier\u00a0: &ldquo;Diamond Glass - Nettoyant professionnel pour vitres&rdquo;\" data-quantity=\"1\" data-product_id=\"2420\" data-product_sku=\"\" data-price=\"9.99\" rel=\"nofollow\" class=\"wp-block-button__link  add_to_cart_button ajax_add_to_cart\">Ajouter au panier<\/a><\/div>\n\t\t\t<\/li><li class=\"wc-block-grid__product\">\n\t\t\t\t<a href=\"https:\/\/craftcleaners.eu\/fr\/produkt\/active-shield-protection-hydrophobe-pour-toute-la-voiture-en-un-seul-flacon\/\" class=\"wc-block-grid__product-link\">\n\t\t\t\t\t<div class=\"wc-block-grid__product-onsale\">\n\t\t\t<span aria-hidden=\"true\">Promo<\/span>\n\t\t\t<span class=\"screen-reader-text\">Produit en promotion<\/span>\n\t\t<\/div>\n\t\t\t\t\t<div class=\"wc-block-grid__product-image\"><img loading=\"lazy\" decoding=\"async\" width=\"300\" height=\"300\" src=\"https:\/\/craftcleaners.eu\/wp-content\/uploads\/2025\/08\/active_shield_craftcleaners-300x300.jpeg\" class=\"attachment-woocommerce_thumbnail size-woocommerce_thumbnail\" alt=\"Active Shield - Protection hydrophobe pour toute la voiture en un seul flacon\" srcset=\"https:\/\/craftcleaners.eu\/wp-content\/uploads\/2025\/08\/active_shield_craftcleaners-300x300.jpeg 300w, https:\/\/craftcleaners.eu\/wp-content\/uploads\/2025\/08\/active_shield_craftcleaners-150x150.jpeg 150w, https:\/\/craftcleaners.eu\/wp-content\/uploads\/2025\/08\/active_shield_craftcleaners-768x768.jpeg 768w, https:\/\/craftcleaners.eu\/wp-content\/uploads\/2025\/08\/active_shield_craftcleaners-600x600.jpeg 600w, https:\/\/craftcleaners.eu\/wp-content\/uploads\/2025\/08\/active_shield_craftcleaners-100x100.jpeg 100w, https:\/\/craftcleaners.eu\/wp-content\/uploads\/2025\/08\/active_shield_craftcleaners.jpeg 1024w\" sizes=\"auto, (max-width: 300px) 100vw, 300px\" \/><\/div>\n\t\t\t\t\t<div class=\"wc-block-grid__product-title\">Active Shield &#8211; Protection hydrophobe pour toute la voiture en un seul flacon<\/div>\n\t\t\t\t<\/a>\n\t\t\t\t<div class=\"wc-block-grid__product-price price\"><del aria-hidden=\"true\"><span class=\"woocommerce-Price-amount amount\">25,50&nbsp;<span class=\"woocommerce-Price-currencySymbol\">&euro;<\/span><\/span><\/del> <span class=\"screen-reader-text\">Le prix initial \u00e9tait\u00a0: 25,50&nbsp;&euro;.<\/span><ins aria-hidden=\"true\"><span class=\"woocommerce-Price-amount amount\">20,50&nbsp;<span class=\"woocommerce-Price-currencySymbol\">&euro;<\/span><\/span><\/ins><span class=\"screen-reader-text\">Le prix actuel est\u00a0: 20,50&nbsp;&euro;.<\/span><\/div>\n\t\t\t\t\n\t\t\t\t<div class=\"wp-block-button wc-block-grid__product-add-to-cart\"><a href=\"\/fr\/wp-json\/wp\/v2\/pages\/2124?add-to-cart=2227\" aria-label=\"Ajouter au panier\u00a0: &ldquo;Active Shield - Protection hydrophobe pour toute la voiture en un seul flacon&rdquo;\" data-quantity=\"1\" data-product_id=\"2227\" data-product_sku=\"\" data-price=\"20.5\" rel=\"nofollow\" class=\"wp-block-button__link  add_to_cart_button ajax_add_to_cart\">Ajouter au panier<\/a><\/div>\n\t\t\t<\/li><li class=\"wc-block-grid__product\">\n\t\t\t\t<a href=\"https:\/\/craftcleaners.eu\/fr\/produkt\/mousse-de-cire-pour-voiture-craftcleaners-premium-carnauba-au-dioxyde-de-silicium-sio%e2%82%82-200-ml\/\" class=\"wc-block-grid__product-link\">\n\t\t\t\t\t<div class=\"wc-block-grid__product-onsale\">\n\t\t\t<span aria-hidden=\"true\">Promo<\/span>\n\t\t\t<span class=\"screen-reader-text\">Produit en promotion<\/span>\n\t\t<\/div>\n\t\t\t\t\t<div class=\"wc-block-grid__product-image\"><img loading=\"lazy\" decoding=\"async\" width=\"300\" height=\"300\" src=\"https:\/\/craftcleaners.eu\/wp-content\/uploads\/2025\/07\/craft_wax-300x300.png\" class=\"attachment-woocommerce_thumbnail size-woocommerce_thumbnail\" alt=\"Mousse de cire pour voiture Craftcleaners Premium Carnauba au dioxyde de silicium (SiO\u2082) 200 ml\" srcset=\"https:\/\/craftcleaners.eu\/wp-content\/uploads\/2025\/07\/craft_wax-300x300.png 300w, https:\/\/craftcleaners.eu\/wp-content\/uploads\/2025\/07\/craft_wax-150x150.png 150w, https:\/\/craftcleaners.eu\/wp-content\/uploads\/2025\/07\/craft_wax-768x768.png 768w, https:\/\/craftcleaners.eu\/wp-content\/uploads\/2025\/07\/craft_wax-600x600.png 600w, https:\/\/craftcleaners.eu\/wp-content\/uploads\/2025\/07\/craft_wax-100x100.png 100w, https:\/\/craftcleaners.eu\/wp-content\/uploads\/2025\/07\/craft_wax.png 1024w\" sizes=\"auto, (max-width: 300px) 100vw, 300px\" \/><\/div>\n\t\t\t\t\t<div class=\"wc-block-grid__product-title\">Mousse de cire pour voiture Craftcleaners Premium Carnauba au dioxyde de silicium (SiO\u2082) 200 ml<\/div>\n\t\t\t\t<\/a>\n\t\t\t\t<div class=\"wc-block-grid__product-price price\"><del aria-hidden=\"true\"><span class=\"woocommerce-Price-amount amount\">59,00&nbsp;<span class=\"woocommerce-Price-currencySymbol\">&euro;<\/span><\/span><\/del> <span class=\"screen-reader-text\">Le prix initial \u00e9tait\u00a0: 59,00&nbsp;&euro;.<\/span><ins aria-hidden=\"true\"><span class=\"woocommerce-Price-amount amount\">32,90&nbsp;<span class=\"woocommerce-Price-currencySymbol\">&euro;<\/span><\/span><\/ins><span class=\"screen-reader-text\">Le prix actuel est\u00a0: 32,90&nbsp;&euro;.<\/span><\/div>\n\t\t\t\t\n\t\t\t\t<div class=\"wp-block-button wc-block-grid__product-add-to-cart\"><a href=\"\/fr\/wp-json\/wp\/v2\/pages\/2124?add-to-cart=2032\" aria-label=\"Ajouter au panier\u00a0: &ldquo;Mousse de cire pour voiture Craftcleaners Premium Carnauba au dioxyde de silicium (SiO\u2082) 200 ml&rdquo;\" data-quantity=\"1\" data-product_id=\"2032\" data-product_sku=\"\" data-price=\"32.9\" rel=\"nofollow\" class=\"wp-block-button__link  add_to_cart_button ajax_add_to_cart\">Ajouter au panier<\/a><\/div>\n\t\t\t<\/li><li class=\"wc-block-grid__product\">\n\t\t\t\t<a href=\"https:\/\/craftcleaners.eu\/fr\/produkt\/pack-wateroff-x3-essuie-glace-invisible-revetement-hydrophobe-pour-vitres-et-miroirs\/\" class=\"wc-block-grid__product-link\">\n\t\t\t\t\t<div class=\"wc-block-grid__product-onsale\">\n\t\t\t<span aria-hidden=\"true\">Promo<\/span>\n\t\t\t<span class=\"screen-reader-text\">Produit en promotion<\/span>\n\t\t<\/div>\n\t\t\t\t\t<div class=\"wc-block-grid__product-image\"><img loading=\"lazy\" decoding=\"async\" width=\"300\" height=\"300\" src=\"https:\/\/craftcleaners.eu\/wp-content\/uploads\/2024\/12\/produkt-5-300x300.png\" class=\"attachment-woocommerce_thumbnail size-woocommerce_thumbnail\" alt=\"Pack WaterOFF X3 \u2013 Essuie-glace invisible, rev\u00eatement hydrophobe pour vitres et miroirs\" srcset=\"https:\/\/craftcleaners.eu\/wp-content\/uploads\/2024\/12\/produkt-5-300x300.png 300w, https:\/\/craftcleaners.eu\/wp-content\/uploads\/2024\/12\/produkt-5-150x150.png 150w, https:\/\/craftcleaners.eu\/wp-content\/uploads\/2024\/12\/produkt-5-768x768.png 768w, https:\/\/craftcleaners.eu\/wp-content\/uploads\/2024\/12\/produkt-5-600x600.png 600w, https:\/\/craftcleaners.eu\/wp-content\/uploads\/2024\/12\/produkt-5-100x100.png 100w, https:\/\/craftcleaners.eu\/wp-content\/uploads\/2024\/12\/produkt-5.png 900w\" sizes=\"auto, (max-width: 300px) 100vw, 300px\" \/><\/div>\n\t\t\t\t\t<div class=\"wc-block-grid__product-title\">Pack WaterOFF X3 \u2013 Essuie-glace invisible, rev\u00eatement hydrophobe pour vitres et miroirs<\/div>\n\t\t\t\t<\/a>\n\t\t\t\t<div class=\"wc-block-grid__product-price price\"><del aria-hidden=\"true\"><span class=\"woocommerce-Price-amount amount\">59,97&nbsp;<span class=\"woocommerce-Price-currencySymbol\">&euro;<\/span><\/span><\/del> <span class=\"screen-reader-text\">Le prix initial \u00e9tait\u00a0: 59,97&nbsp;&euro;.<\/span><ins aria-hidden=\"true\"><span class=\"woocommerce-Price-amount amount\">20,99&nbsp;<span class=\"woocommerce-Price-currencySymbol\">&euro;<\/span><\/span><\/ins><span class=\"screen-reader-text\">Le prix actuel est\u00a0: 20,99&nbsp;&euro;.<\/span><\/div>\n\t\t\t\t\n\t\t\t\t<div class=\"wp-block-button wc-block-grid__product-add-to-cart\"><a href=\"\/fr\/wp-json\/wp\/v2\/pages\/2124?add-to-cart=2248\" aria-label=\"Ajouter au panier\u00a0: &ldquo;Pack WaterOFF X3 \u2013 Essuie-glace invisible, rev\u00eatement hydrophobe pour vitres et miroirs&rdquo;\" data-quantity=\"1\" data-product_id=\"2248\" data-product_sku=\"\" data-price=\"20.99\" rel=\"nofollow\" class=\"wp-block-button__link  add_to_cart_button ajax_add_to_cart\">Ajouter au panier<\/a><\/div>\n\t\t\t<\/li><\/ul><\/div><\/div>\n<\/div>\n\n\r\n\r\n\r\n    <meta charset=\"UTF-8\"\/>\r\n    <meta name=\"viewport\" content=\"width=device-width, initial-scale=1.0\"\/>\r\n    <title>Craft Cleaners &#8211; Footer &#8211; Fran\u00e7ais<\/title>\r\n    <style>\r\n\/* Google Fonts *\/\r\n@import url('https:\/\/fonts.googleapis.com\/css2?family=Sora:wght@300;400;600;700;800&display=swap');\r\n\/* Reset and Base *\/\r\n* {\r\n    margin: 0;\r\n    padding: 0;\r\n    box-sizing: border-box;\r\n}\r\nbody {\r\n    font-family: 'Sora', -apple-system, BlinkMacSystemFont, sans-serif;\r\n    background: #000;\r\n    color: #fff;\r\n    overflow-x: hidden;\r\n}\r\n\/* Footer *\/\r\n.cc-footer {\r\n    background: #000;\r\n    padding: 80px 20px 40px;\r\n    border-top: 1px solid rgba(255, 255, 255, 0.1);\r\n}\r\n.cc-footer-content {\r\n    max-width: 1400px;\r\n    margin: 0 auto;\r\n    display: grid;\r\n    grid-template-columns: 2fr 1fr 1fr 1fr;\r\n    gap: 60px;\r\n    margin-bottom: 60px;\r\n}\r\n.cc-footer-logo-img {\r\n    max-width: 180px;\r\n    height: auto;\r\n    margin-bottom: 20px;\r\n}\r\n.cc-footer-desc {\r\n    font-size: 14px;\r\n    opacity: 0.6;\r\n    line-height: 1.6;\r\n}\r\n.cc-footer-column h4 {\r\n    font-size: 16px;\r\n    font-weight: 700;\r\n    margin-bottom: 20px;\r\n    text-transform: uppercase;\r\n    letter-spacing: 1px;\r\n}\r\n.cc-footer-column ul {\r\n    list-style: none;\r\n}\r\n.cc-footer-column ul li {\r\n    margin-bottom: 12px;\r\n}\r\n.cc-footer-column ul li a {\r\n    color: rgba(255, 255, 255, 0.6);\r\n    text-decoration: none;\r\n    font-size: 14px;\r\n    transition: color 0.3s;\r\n}\r\n.cc-footer-column ul li a:hover {\r\n    color: #d10a11;\r\n}\r\n.cc-footer-bottom {\r\n    text-align: center;\r\n    padding-top: 40px;\r\n    border-top: 1px solid rgba(255, 255, 255, 0.1);\r\n    font-size: 14px;\r\n    opacity: 0.5;\r\n}\r\n\/* Responsive *\/\r\n@media (max-width: 1024px) {\r\n    .cc-footer-content {\r\n        grid-template-columns: 1fr 1fr;\r\n    }\r\n}\r\n@media (max-width: 768px) {\r\n    .cc-footer-content {\r\n        grid-template-columns: 1fr;\r\n        gap: 40px;\r\n    }\r\n}\r\n\/* Demo content to show footer at bottom *\/\r\n.demo-content {\r\n    padding: 60px 20px;\r\n    text-align: center;\r\n    min-height: 60vh;\r\n}\r\n.demo-content h1 {\r\n    font-size: 48px;\r\n    margin-bottom: 20px;\r\n    color: #d10a11;\r\n}\r\n.demo-content p {\r\n    font-size: 18px;\r\n    opacity: 0.7;\r\n    max-width: 800px;\r\n    margin: 0 auto;\r\n    line-height: 1.8;\r\n}\r\n    <\/style>\r\n\r\n\r\n\r\n    <!-- Footer -->\r\n    <footer class=\"cc-footer\">\r\n        <div class=\"cc-footer-content\">\r\n            <div class=\"cc-footer-column\">\r\n                <img decoding=\"async\" src=\"https:\/\/craftcleaners.eu\/wp-content\/uploads\/2025\/11\/produkt-3.png\" alt=\"Craft Cleaners\" class=\"cc-footer-logo-img\"\/>\r\n                <p class=\"cc-footer-desc\">Produits professionnels de detailing pour clients exigeants. Qualit\u00e9 premium \u00e0 laquelle vous pouvez faire confiance avec des r\u00e9sultats visibles et durables.<\/p>\r\n            <\/div>\r\n            \r\n            <div class=\"cc-footer-column\">\r\n                <h4>Liens rapides<\/h4>\r\n                <ul>\r\n                    <li><a href=\"https:\/\/craftcleaners.eu\/fr\/politique-de-confidentialite\/\" target=\"_blank\">Politique de confidentialit\u00e9<\/a><\/li>\r\n                    <li><a href=\"https:\/\/craftcleaners.eu\/fr\/termes-et-conditions\/?v=d41d8cd98f00\" target=\"_blank\">Conditions g\u00e9n\u00e9rales<\/a><\/li>\r\n                <\/ul>\r\n            <\/div>\r\n            \r\n            <div class=\"cc-footer-column\">\r\n                <h4>Contact<\/h4>\r\n                <ul>\r\n                    <li><a href=\"mailto:contact@craftcleaners.eu\">contact@craftcleaners.eu<\/a><\/li>\r\n                    <li><a href=\"https:\/\/craftcleaners.eu\/fr\/\" target=\"_blank\">craftcleaners.eu<\/a><\/li>\r\n                <\/ul>\r\n            <\/div>\r\n        <\/div>\r\n        \r\n    <\/footer>\r\n\r\n\n","protected":false},"excerpt":{"rendered":"<p>Panier Craft Cleaners &#8211; Footer &#8211; Fran\u00e7ais Produits professionnels de detailing pour clients exigeants. Qualit\u00e9 premium \u00e0 laquelle vous pouvez [&hellip;]<\/p>\n","protected":false},"author":1,"featured_media":0,"parent":0,"menu_order":0,"comment_status":"closed","ping_status":"closed","template":"","meta":{"site-sidebar-layout":"default","site-content-layout":"","ast-site-content-layout":"default","site-content-style":"default","site-sidebar-style":"default","ast-global-header-display":"","ast-banner-title-visibility":"","ast-main-header-display":"","ast-hfb-above-header-display":"","ast-hfb-below-header-display":"","ast-hfb-mobile-header-display":"","site-post-title":"","ast-breadcrumbs-content":"","ast-featured-img":"","footer-sml-layout":"","theme-transparent-header-meta":"","adv-header-id-meta":"","stick-header-meta":"","header-above-stick-meta":"","header-main-stick-meta":"","header-below-stick-meta":"","astra-migrate-meta-layouts":"default","ast-page-background-enabled":"default","ast-page-background-meta":{"desktop":{"background-color":"var(--ast-global-color-5)","background-image":"","background-repeat":"repeat","background-position":"center center","background-size":"auto","background-attachment":"scroll","background-type":"","background-media":"","overlay-type":"","overlay-color":"","overlay-opacity":"","overlay-gradient":""},"tablet":{"background-color":"","background-image":"","background-repeat":"repeat","background-position":"center center","background-size":"auto","background-attachment":"scroll","background-type":"","background-media":"","overlay-type":"","overlay-color":"","overlay-opacity":"","overlay-gradient":""},"mobile":{"background-color":"","background-image":"","background-repeat":"repeat","background-position":"center center","background-size":"auto","background-attachment":"scroll","background-type":"","background-media":"","overlay-type":"","overlay-color":"","overlay-opacity":"","overlay-gradient":""}},"ast-content-background-meta":{"desktop":{"background-color":"var(--ast-global-color-4)","background-image":"","background-repeat":"repeat","background-position":"center center","background-size":"auto","background-attachment":"scroll","background-type":"","background-media":"","overlay-type":"","overlay-color":"","overlay-opacity":"","overlay-gradient":""},"tablet":{"background-color":"var(--ast-global-color-4)","background-image":"","background-repeat":"repeat","background-position":"center center","background-size":"auto","background-attachment":"scroll","background-type":"","background-media":"","overlay-type":"","overlay-color":"","overlay-opacity":"","overlay-gradient":""},"mobile":{"background-color":"var(--ast-global-color-4)","background-image":"","background-repeat":"repeat","background-position":"center center","background-size":"auto","background-attachment":"scroll","background-type":"","background-media":"","overlay-type":"","overlay-color":"","overlay-opacity":"","overlay-gradient":""}},"footnotes":""},"class_list":["post-2124","page","type-page","status-publish","hentry"],"_links":{"self":[{"href":"https:\/\/craftcleaners.eu\/fr\/wp-json\/wp\/v2\/pages\/2124","targetHints":{"allow":["GET"]}}],"collection":[{"href":"https:\/\/craftcleaners.eu\/fr\/wp-json\/wp\/v2\/pages"}],"about":[{"href":"https:\/\/craftcleaners.eu\/fr\/wp-json\/wp\/v2\/types\/page"}],"author":[{"embeddable":true,"href":"https:\/\/craftcleaners.eu\/fr\/wp-json\/wp\/v2\/users\/1"}],"replies":[{"embeddable":true,"href":"https:\/\/craftcleaners.eu\/fr\/wp-json\/wp\/v2\/comments?post=2124"}],"version-history":[{"count":3,"href":"https:\/\/craftcleaners.eu\/fr\/wp-json\/wp\/v2\/pages\/2124\/revisions"}],"predecessor-version":[{"id":2173,"href":"https:\/\/craftcleaners.eu\/fr\/wp-json\/wp\/v2\/pages\/2124\/revisions\/2173"}],"wp:attachment":[{"href":"https:\/\/craftcleaners.eu\/fr\/wp-json\/wp\/v2\/media?parent=2124"}],"curies":[{"name":"wp","href":"https:\/\/api.w.org\/{rel}","templated":true}]}}