{"id":2126,"date":"2024-11-18T08:47:20","date_gmt":"2024-11-18T07:47:20","guid":{"rendered":"https:\/\/craftcleaners.eu\/warenkorb\/"},"modified":"2025-11-16T22:26:04","modified_gmt":"2025-11-16T21:26:04","slug":"warenkorb","status":"publish","type":"page","link":"https:\/\/craftcleaners.eu\/de\/warenkorb\/","title":{"rendered":"Warenkorb"},"content":{"rendered":"\n<h2 class=\"wp-block-heading has-text-align-center\">Warenkorb<\/h2>\n\n<div data-block-name=\"woocommerce\/cart\" data-translated-with-w-p-m-l-t-m=\"1\" class=\"wp-block-woocommerce-cart is-loading\">\n<div data-block-name=\"woocommerce\/filled-cart-block\" data-translated-with-w-p-m-l-t-m=\"1\" class=\"wp-block-woocommerce-filled-cart-block\">\n<div data-block-name=\"woocommerce\/cart-items-block\" data-translated-with-w-p-m-l-t-m=\"1\" class=\"wp-block-woocommerce-cart-items-block\">\n<div data-block-name=\"woocommerce\/cart-line-items-block\" data-translated-with-w-p-m-l-t-m=\"1\" class=\"wp-block-woocommerce-cart-line-items-block\"><\/div><br>\n\n\n<\/div>\n\n\n\n<div data-block-name=\"woocommerce\/cart-totals-block\" data-translated-with-w-p-m-l-t-m=\"1\" class=\"wp-block-woocommerce-cart-totals-block\">\n<div data-block-name=\"woocommerce\/cart-order-summary-block\" data-translated-with-w-p-m-l-t-m=\"1\" class=\"wp-block-woocommerce-cart-order-summary-block\">\n<div data-block-name=\"woocommerce\/cart-order-summary-heading-block\" data-content=\"WARENKORB-ZUSAMMENFASSUNG\" class=\"wp-block-woocommerce-cart-order-summary-heading-block\"><\/div>\n\n\n\n<div data-block-name=\"woocommerce\/cart-order-summary-coupon-form-block\" data-translated-with-w-p-m-l-t-m=\"1\" class=\"wp-block-woocommerce-cart-order-summary-coupon-form-block\"><\/div><br>\n\n\n\n<div data-block-name=\"woocommerce\/cart-order-summary-totals-block\" data-translated-with-w-p-m-l-t-m=\"1\" class=\"wp-block-woocommerce-cart-order-summary-totals-block\">\n<div data-block-name=\"woocommerce\/cart-order-summary-subtotal-block\" data-metadata=\"{&quot;name&quot;:&quot;s&quot;}\" data-translated-with-w-p-m-l-t-m=\"1\" class=\"wp-block-woocommerce-cart-order-summary-subtotal-block\"><\/div><br>\n\n\n\n<div data-block-name=\"woocommerce\/cart-order-summary-fee-block\" data-translated-with-w-p-m-l-t-m=\"1\" class=\"wp-block-woocommerce-cart-order-summary-fee-block\"><\/div><br>\n\n\n\n<div data-block-name=\"woocommerce\/cart-order-summary-discount-block\" data-translated-with-w-p-m-l-t-m=\"1\" class=\"wp-block-woocommerce-cart-order-summary-discount-block\"><\/div><br>\n\n\n\n<div data-block-name=\"woocommerce\/cart-order-summary-shipping-block\" data-translated-with-w-p-m-l-t-m=\"1\" class=\"wp-block-woocommerce-cart-order-summary-shipping-block\"><\/div><br>\n\n\n\n<div data-block-name=\"woocommerce\/cart-order-summary-taxes-block\" data-translated-with-w-p-m-l-t-m=\"1\" class=\"wp-block-woocommerce-cart-order-summary-taxes-block\"><\/div><br>\n<\/div>\n<\/div>\n\n\n\n<div data-block-name=\"woocommerce\/cart-express-payment-block\" data-translated-with-w-p-m-l-t-m=\"1\" class=\"wp-block-woocommerce-cart-express-payment-block\"><\/div><br>\n\n\n\n<div data-block-name=\"woocommerce\/proceed-to-checkout-block\" class=\"wp-block-woocommerce-proceed-to-checkout-block\"><\/div>\n\n\n\n<div data-block-name=\"woocommerce\/cart-accepted-payment-methods-block\" data-translated-with-w-p-m-l-t-m=\"1\" class=\"wp-block-woocommerce-cart-accepted-payment-methods-block\"><\/div><br>\n<\/div>\n<\/div>\n\n\n\n<div data-block-name=\"woocommerce\/empty-cart-block\" data-translated-with-w-p-m-l-t-m=\"1\" class=\"wp-block-woocommerce-empty-cart-block\">\n<h2 class=\"wp-block-heading has-text-align-center with-empty-cart-icon wc-block-cart__empty-cart__title\">Ihr Warenkorb ist leer!<\/h2>\n\n\n\n<p class=\"has-text-align-center\"><a href=\"https:\/\/craftcleaners.eu\/shop-2\/\">Produkte pr\u00fcfen<\/a><\/p>\n\n\n\n<hr class=\"wp-block-separator has-alpha-channel-opacity is-style-dots\"\/>\n\n\n\n<h2 class=\"wp-block-heading has-text-align-center\">Das k\u00f6nnte Ihnen auch gefallen:<\/h2>\n\n\n<div data-block-name=\"woocommerce\/product-new\" data-columns=\"4\" data-rows=\"1\" class=\"wc-block-grid wp-block-product-new wp-block-woocommerce-product-new wc-block-product-new has-4-columns\"><ul class=\"wc-block-grid__products\"><li class=\"wc-block-grid__product\">\n\t\t\t\t<a href=\"https:\/\/craftcleaners.eu\/de\/produkt\/wateroff-paket-x3-unsichtbarer-scheibenwischer-hydrophobe-beschichtung-fur-glas-und-spiegel-kopia\/\" class=\"wc-block-grid__product-link\">\n\t\t\t\t\t<div class=\"wc-block-grid__product-onsale\">\n\t\t\t<span aria-hidden=\"true\">Angebot<\/span>\n\t\t\t<span class=\"screen-reader-text\">Produkt im Angebot<\/span>\n\t\t<\/div>\n\t\t\t\t\t<div class=\"wc-block-grid__product-image\"><img loading=\"lazy\" decoding=\"async\" width=\"300\" height=\"300\" src=\"https:\/\/craftcleaners.eu\/wp-content\/uploads\/2026\/04\/diamond_glass_craftcleaners-300x300.png\" class=\"attachment-woocommerce_thumbnail size-woocommerce_thumbnail\" alt=\"WaterOFF Paket X3 \u2013 Unsichtbarer Scheibenwischer, hydrophobe Beschichtung f\u00fcr Glas und Spiegel (Kopia)\" srcset=\"https:\/\/craftcleaners.eu\/wp-content\/uploads\/2026\/04\/diamond_glass_craftcleaners-300x300.png 300w, https:\/\/craftcleaners.eu\/wp-content\/uploads\/2026\/04\/diamond_glass_craftcleaners-150x150.png 150w, https:\/\/craftcleaners.eu\/wp-content\/uploads\/2026\/04\/diamond_glass_craftcleaners-768x768.png 768w, https:\/\/craftcleaners.eu\/wp-content\/uploads\/2026\/04\/diamond_glass_craftcleaners-600x600.png 600w, https:\/\/craftcleaners.eu\/wp-content\/uploads\/2026\/04\/diamond_glass_craftcleaners-100x100.png 100w, https:\/\/craftcleaners.eu\/wp-content\/uploads\/2026\/04\/diamond_glass_craftcleaners.png 1024w\" sizes=\"auto, (max-width: 300px) 100vw, 300px\" \/><\/div>\n\t\t\t\t\t<div class=\"wc-block-grid__product-title\">WaterOFF Paket X3 \u2013 Unsichtbarer Scheibenwischer, hydrophobe Beschichtung f\u00fcr Glas und Spiegel (Kopia)<\/div>\n\t\t\t\t<\/a>\n\t\t\t\t<div class=\"wc-block-grid__product-price price\"><del aria-hidden=\"true\"><span class=\"woocommerce-Price-amount amount\">16,99&nbsp;<span class=\"woocommerce-Price-currencySymbol\">&euro;<\/span><\/span><\/del> <span class=\"screen-reader-text\">Urspr\u00fcnglicher Preis war: 16,99&nbsp;&euro;<\/span><ins aria-hidden=\"true\"><span class=\"woocommerce-Price-amount amount\">9,99&nbsp;<span class=\"woocommerce-Price-currencySymbol\">&euro;<\/span><\/span><\/ins><span class=\"screen-reader-text\">Aktueller Preis ist: 9,99&nbsp;&euro;.<\/span><\/div>\n\t\t\t\t\n\t\t\t\t<div class=\"wp-block-button wc-block-grid__product-add-to-cart\"><a href=\"\/de\/wp-json\/wp\/v2\/pages\/2126?add-to-cart=2421\" aria-label=\"In den Warenkorb legen: \u201eWaterOFF Paket X3 \u2013 Unsichtbarer Scheibenwischer, hydrophobe Beschichtung f\u00fcr Glas und Spiegel (Kopia)\u201c\" data-quantity=\"1\" data-product_id=\"2421\" data-product_sku=\"\" data-price=\"9.99\" rel=\"nofollow\" class=\"wp-block-button__link  add_to_cart_button ajax_add_to_cart\">In den Warenkorb<\/a><\/div>\n\t\t\t<\/li><li class=\"wc-block-grid__product\">\n\t\t\t\t<a href=\"https:\/\/craftcleaners.eu\/de\/produkt\/active-shield-hydrophober-schutz-fuer-das-gesamte-auto-in-einer-flasche\/\" class=\"wc-block-grid__product-link\">\n\t\t\t\t\t<div class=\"wc-block-grid__product-onsale\">\n\t\t\t<span aria-hidden=\"true\">Angebot<\/span>\n\t\t\t<span class=\"screen-reader-text\">Produkt im Angebot<\/span>\n\t\t<\/div>\n\t\t\t\t\t<div class=\"wc-block-grid__product-image\"><img loading=\"lazy\" decoding=\"async\" width=\"300\" height=\"300\" src=\"https:\/\/craftcleaners.eu\/wp-content\/uploads\/2025\/08\/active_shield_craftcleaners-300x300.jpeg\" class=\"attachment-woocommerce_thumbnail size-woocommerce_thumbnail\" alt=\"Active Shield \u2013 Hydrophober Schutz f\u00fcr das gesamte Auto in einer Flasche\" srcset=\"https:\/\/craftcleaners.eu\/wp-content\/uploads\/2025\/08\/active_shield_craftcleaners-300x300.jpeg 300w, https:\/\/craftcleaners.eu\/wp-content\/uploads\/2025\/08\/active_shield_craftcleaners-150x150.jpeg 150w, https:\/\/craftcleaners.eu\/wp-content\/uploads\/2025\/08\/active_shield_craftcleaners-768x768.jpeg 768w, https:\/\/craftcleaners.eu\/wp-content\/uploads\/2025\/08\/active_shield_craftcleaners-600x600.jpeg 600w, https:\/\/craftcleaners.eu\/wp-content\/uploads\/2025\/08\/active_shield_craftcleaners-100x100.jpeg 100w, https:\/\/craftcleaners.eu\/wp-content\/uploads\/2025\/08\/active_shield_craftcleaners.jpeg 1024w\" sizes=\"auto, (max-width: 300px) 100vw, 300px\" \/><\/div>\n\t\t\t\t\t<div class=\"wc-block-grid__product-title\">Active Shield \u2013 Hydrophober Schutz f\u00fcr das gesamte Auto in einer Flasche<\/div>\n\t\t\t\t<\/a>\n\t\t\t\t<div class=\"wc-block-grid__product-price price\"><del aria-hidden=\"true\"><span class=\"woocommerce-Price-amount amount\">25,50&nbsp;<span class=\"woocommerce-Price-currencySymbol\">&euro;<\/span><\/span><\/del> <span class=\"screen-reader-text\">Urspr\u00fcnglicher Preis war: 25,50&nbsp;&euro;<\/span><ins aria-hidden=\"true\"><span class=\"woocommerce-Price-amount amount\">20,50&nbsp;<span class=\"woocommerce-Price-currencySymbol\">&euro;<\/span><\/span><\/ins><span class=\"screen-reader-text\">Aktueller Preis ist: 20,50&nbsp;&euro;.<\/span><\/div>\n\t\t\t\t\n\t\t\t\t<div class=\"wp-block-button wc-block-grid__product-add-to-cart\"><a href=\"\/de\/wp-json\/wp\/v2\/pages\/2126?add-to-cart=2257\" aria-label=\"In den Warenkorb legen: \u201eActive Shield \u2013 Hydrophober Schutz f\u00fcr das gesamte Auto in einer Flasche\u201c\" data-quantity=\"1\" data-product_id=\"2257\" data-product_sku=\"\" data-price=\"20.5\" rel=\"nofollow\" class=\"wp-block-button__link  add_to_cart_button ajax_add_to_cart\">In den Warenkorb<\/a><\/div>\n\t\t\t<\/li><li class=\"wc-block-grid__product\">\n\t\t\t\t<a href=\"https:\/\/craftcleaners.eu\/de\/produkt\/craftcleaners-wachsmousse-premium-carnauba-siliziumdioxid-sio%e2%82%82-200-ml\/\" class=\"wc-block-grid__product-link\">\n\t\t\t\t\t<div class=\"wc-block-grid__product-onsale\">\n\t\t\t<span aria-hidden=\"true\">Angebot<\/span>\n\t\t\t<span class=\"screen-reader-text\">Produkt im Angebot<\/span>\n\t\t<\/div>\n\t\t\t\t\t<div class=\"wc-block-grid__product-image\"><img loading=\"lazy\" decoding=\"async\" width=\"300\" height=\"300\" src=\"https:\/\/craftcleaners.eu\/wp-content\/uploads\/2025\/07\/craft_wax-300x300.png\" class=\"attachment-woocommerce_thumbnail size-woocommerce_thumbnail\" alt=\"Craftcleaners Wachsmousse Premium Carnauba-Siliziumdioxid (SiO\u2082) 200 ml\" srcset=\"https:\/\/craftcleaners.eu\/wp-content\/uploads\/2025\/07\/craft_wax-300x300.png 300w, https:\/\/craftcleaners.eu\/wp-content\/uploads\/2025\/07\/craft_wax-150x150.png 150w, https:\/\/craftcleaners.eu\/wp-content\/uploads\/2025\/07\/craft_wax-768x768.png 768w, https:\/\/craftcleaners.eu\/wp-content\/uploads\/2025\/07\/craft_wax-600x600.png 600w, https:\/\/craftcleaners.eu\/wp-content\/uploads\/2025\/07\/craft_wax-100x100.png 100w, https:\/\/craftcleaners.eu\/wp-content\/uploads\/2025\/07\/craft_wax.png 1024w\" sizes=\"auto, (max-width: 300px) 100vw, 300px\" \/><\/div>\n\t\t\t\t\t<div class=\"wc-block-grid__product-title\">Craftcleaners Wachsmousse Premium Carnauba-Siliziumdioxid (SiO\u2082) 200 ml<\/div>\n\t\t\t\t<\/a>\n\t\t\t\t<div class=\"wc-block-grid__product-price price\"><del aria-hidden=\"true\"><span class=\"woocommerce-Price-amount amount\">59,00&nbsp;<span class=\"woocommerce-Price-currencySymbol\">&euro;<\/span><\/span><\/del> <span class=\"screen-reader-text\">Urspr\u00fcnglicher Preis war: 59,00&nbsp;&euro;<\/span><ins aria-hidden=\"true\"><span class=\"woocommerce-Price-amount amount\">32,90&nbsp;<span class=\"woocommerce-Price-currencySymbol\">&euro;<\/span><\/span><\/ins><span class=\"screen-reader-text\">Aktueller Preis ist: 32,90&nbsp;&euro;.<\/span><\/div>\n\t\t\t\t\n\t\t\t\t<div class=\"wp-block-button wc-block-grid__product-add-to-cart\"><a href=\"\/de\/wp-json\/wp\/v2\/pages\/2126?add-to-cart=2026\" aria-label=\"In den Warenkorb legen: \u201eCraftcleaners Wachsmousse Premium Carnauba-Siliziumdioxid (SiO\u2082) 200 ml\u201c\" data-quantity=\"1\" data-product_id=\"2026\" data-product_sku=\"\" data-price=\"32.9\" rel=\"nofollow\" class=\"wp-block-button__link  add_to_cart_button ajax_add_to_cart\">In den Warenkorb<\/a><\/div>\n\t\t\t<\/li><li class=\"wc-block-grid__product\">\n\t\t\t\t<a href=\"https:\/\/craftcleaners.eu\/de\/produkt\/wateroff-paket-x3-unsichtbarer-scheibenwischer-hydrophobe-beschichtung-fuer-glas-und-spiegel\/\" class=\"wc-block-grid__product-link\">\n\t\t\t\t\t<div class=\"wc-block-grid__product-onsale\">\n\t\t\t<span aria-hidden=\"true\">Angebot<\/span>\n\t\t\t<span class=\"screen-reader-text\">Produkt im Angebot<\/span>\n\t\t<\/div>\n\t\t\t\t\t<div class=\"wc-block-grid__product-image\"><img loading=\"lazy\" decoding=\"async\" width=\"300\" height=\"300\" src=\"https:\/\/craftcleaners.eu\/wp-content\/uploads\/2024\/12\/produkt-5-300x300.png\" class=\"attachment-woocommerce_thumbnail size-woocommerce_thumbnail\" alt=\"WaterOFF Paket X3 \u2013 Unsichtbarer Scheibenwischer, hydrophobe Beschichtung f\u00fcr Glas und Spiegel\" srcset=\"https:\/\/craftcleaners.eu\/wp-content\/uploads\/2024\/12\/produkt-5-300x300.png 300w, https:\/\/craftcleaners.eu\/wp-content\/uploads\/2024\/12\/produkt-5-150x150.png 150w, https:\/\/craftcleaners.eu\/wp-content\/uploads\/2024\/12\/produkt-5-768x768.png 768w, https:\/\/craftcleaners.eu\/wp-content\/uploads\/2024\/12\/produkt-5-600x600.png 600w, https:\/\/craftcleaners.eu\/wp-content\/uploads\/2024\/12\/produkt-5-100x100.png 100w, https:\/\/craftcleaners.eu\/wp-content\/uploads\/2024\/12\/produkt-5.png 900w\" sizes=\"auto, (max-width: 300px) 100vw, 300px\" \/><\/div>\n\t\t\t\t\t<div class=\"wc-block-grid__product-title\">WaterOFF Paket X3 \u2013 Unsichtbarer Scheibenwischer, hydrophobe Beschichtung f\u00fcr Glas und Spiegel<\/div>\n\t\t\t\t<\/a>\n\t\t\t\t<div class=\"wc-block-grid__product-price price\"><del aria-hidden=\"true\"><span class=\"woocommerce-Price-amount amount\">59,97&nbsp;<span class=\"woocommerce-Price-currencySymbol\">&euro;<\/span><\/span><\/del> <span class=\"screen-reader-text\">Urspr\u00fcnglicher Preis war: 59,97&nbsp;&euro;<\/span><ins aria-hidden=\"true\"><span class=\"woocommerce-Price-amount amount\">20,99&nbsp;<span class=\"woocommerce-Price-currencySymbol\">&euro;<\/span><\/span><\/ins><span class=\"screen-reader-text\">Aktueller Preis ist: 20,99&nbsp;&euro;.<\/span><\/div>\n\t\t\t\t\n\t\t\t\t<div class=\"wp-block-button wc-block-grid__product-add-to-cart\"><a href=\"\/de\/wp-json\/wp\/v2\/pages\/2126?add-to-cart=2254\" aria-label=\"In den Warenkorb legen: \u201eWaterOFF Paket X3 \u2013 Unsichtbarer Scheibenwischer, hydrophobe Beschichtung f\u00fcr Glas und Spiegel\u201c\" data-quantity=\"1\" data-product_id=\"2254\" data-product_sku=\"\" data-price=\"20.99\" rel=\"nofollow\" class=\"wp-block-button__link  add_to_cart_button ajax_add_to_cart\">In den Warenkorb<\/a><\/div>\n\t\t\t<\/li><\/ul><\/div><\/div>\n<\/div>\n\n\r\n\r\n\r\n    <meta charset=\"UTF-8\"\/>\r\n    <meta name=\"viewport\" content=\"width=device-width, initial-scale=1.0\"\/>\r\n    <title>Craft Cleaners &#8211; Footer &#8211; Deutsch<\/title>\r\n    <style>\r\n\/* Google Fonts *\/\r\n@import url('https:\/\/fonts.googleapis.com\/css2?family=Sora:wght@300;400;600;700;800&display=swap');\r\n\/* Reset and Base *\/\r\n* {\r\n    margin: 0;\r\n    padding: 0;\r\n    box-sizing: border-box;\r\n}\r\nbody {\r\n    font-family: 'Sora', -apple-system, BlinkMacSystemFont, sans-serif;\r\n    background: #000;\r\n    color: #fff;\r\n    overflow-x: hidden;\r\n}\r\n\/* Footer *\/\r\n.cc-footer {\r\n    background: #000;\r\n    padding: 80px 20px 40px;\r\n    border-top: 1px solid rgba(255, 255, 255, 0.1);\r\n}\r\n.cc-footer-content {\r\n    max-width: 1400px;\r\n    margin: 0 auto;\r\n    display: grid;\r\n    grid-template-columns: 2fr 1fr 1fr 1fr;\r\n    gap: 60px;\r\n    margin-bottom: 60px;\r\n}\r\n.cc-footer-logo-img {\r\n    max-width: 180px;\r\n    height: auto;\r\n    margin-bottom: 20px;\r\n}\r\n.cc-footer-desc {\r\n    font-size: 14px;\r\n    opacity: 0.6;\r\n    line-height: 1.6;\r\n}\r\n.cc-footer-column h4 {\r\n    font-size: 16px;\r\n    font-weight: 700;\r\n    margin-bottom: 20px;\r\n    text-transform: uppercase;\r\n    letter-spacing: 1px;\r\n}\r\n.cc-footer-column ul {\r\n    list-style: none;\r\n}\r\n.cc-footer-column ul li {\r\n    margin-bottom: 12px;\r\n}\r\n.cc-footer-column ul li a {\r\n    color: rgba(255, 255, 255, 0.6);\r\n    text-decoration: none;\r\n    font-size: 14px;\r\n    transition: color 0.3s;\r\n}\r\n.cc-footer-column ul li a:hover {\r\n    color: #d10a11;\r\n}\r\n.cc-footer-bottom {\r\n    text-align: center;\r\n    padding-top: 40px;\r\n    border-top: 1px solid rgba(255, 255, 255, 0.1);\r\n    font-size: 14px;\r\n    opacity: 0.5;\r\n}\r\n\/* Responsive *\/\r\n@media (max-width: 1024px) {\r\n    .cc-footer-content {\r\n        grid-template-columns: 1fr 1fr;\r\n    }\r\n}\r\n@media (max-width: 768px) {\r\n    .cc-footer-content {\r\n        grid-template-columns: 1fr;\r\n        gap: 40px;\r\n    }\r\n}\r\n\/* Demo content to show footer at bottom *\/\r\n.demo-content {\r\n    padding: 60px 20px;\r\n    text-align: center;\r\n    min-height: 60vh;\r\n}\r\n.demo-content h1 {\r\n    font-size: 48px;\r\n    margin-bottom: 20px;\r\n    color: #d10a11;\r\n}\r\n.demo-content p {\r\n    font-size: 18px;\r\n    opacity: 0.7;\r\n    max-width: 800px;\r\n    margin: 0 auto;\r\n    line-height: 1.8;\r\n}\r\n    <\/style>\r\n\r\n\r\n    <!-- Footer -->\r\n    <footer class=\"cc-footer\">\r\n        <div class=\"cc-footer-content\">\r\n            <div class=\"cc-footer-column\">\r\n                <img decoding=\"async\" src=\"https:\/\/craftcleaners.eu\/wp-content\/uploads\/2025\/11\/produkt-3.png\" alt=\"Craft Cleaners\" class=\"cc-footer-logo-img\"\/>\r\n                <p class=\"cc-footer-desc\">Professionelle Autopflegeprodukte f\u00fcr anspruchsvolle Kunden. Premium-Qualit\u00e4t, der Sie vertrauen k\u00f6nnen, mit sichtbaren, langanhaltenden Ergebnissen.<\/p>\r\n            <\/div>\r\n            \r\n            <div class=\"cc-footer-column\">\r\n                <h4>Schnelllinks<\/h4>\r\n                <ul>\r\n                    <li><a href=\"https:\/\/craftcleaners.eu\/de\/datenschutzrichtlinie\/\" target=\"_blank\">Datenschutz<\/a><\/li>\r\n                    <li><a href=\"https:\/\/craftcleaners.eu\/de\/geschaeftsbedingungen\/?v=d41d8cd98f00\" target=\"_blank\">AGB<\/a><\/li>\r\n                <\/ul>\r\n            <\/div>\r\n            \r\n            <div class=\"cc-footer-column\">\r\n                <h4>Kontakt<\/h4>\r\n                <ul>\r\n                    <li><a href=\"mailto:contact@craftcleaners.eu\">contact@craftcleaners.eu<\/a><\/li>\r\n                    <li><a href=\"https:\/\/craftcleaners.eu\/de\/\" target=\"_blank\">craftcleaners.eu<\/a><\/li>\r\n                <\/ul>\r\n            <\/div>\r\n        <\/div>\r\n    <\/footer>\r\n\r\n\n","protected":false},"excerpt":{"rendered":"<p>Warenkorb Craft Cleaners &#8211; Footer &#8211; Deutsch Professionelle Autopflegeprodukte f\u00fcr anspruchsvolle Kunden. Premium-Qualit\u00e4t, der Sie vertrauen k\u00f6nnen, mit sichtbaren, langanhaltenden [&hellip;]<\/p>\n","protected":false},"author":1,"featured_media":0,"parent":0,"menu_order":0,"comment_status":"closed","ping_status":"closed","template":"","meta":{"site-sidebar-layout":"default","site-content-layout":"","ast-site-content-layout":"default","site-content-style":"default","site-sidebar-style":"default","ast-global-header-display":"","ast-banner-title-visibility":"","ast-main-header-display":"","ast-hfb-above-header-display":"","ast-hfb-below-header-display":"","ast-hfb-mobile-header-display":"","site-post-title":"","ast-breadcrumbs-content":"","ast-featured-img":"","footer-sml-layout":"","theme-transparent-header-meta":"","adv-header-id-meta":"","stick-header-meta":"","header-above-stick-meta":"","header-main-stick-meta":"","header-below-stick-meta":"","astra-migrate-meta-layouts":"default","ast-page-background-enabled":"default","ast-page-background-meta":{"desktop":{"background-color":"var(--ast-global-color-5)","background-image":"","background-repeat":"repeat","background-position":"center center","background-size":"auto","background-attachment":"scroll","background-type":"","background-media":"","overlay-type":"","overlay-color":"","overlay-opacity":"","overlay-gradient":""},"tablet":{"background-color":"","background-image":"","background-repeat":"repeat","background-position":"center center","background-size":"auto","background-attachment":"scroll","background-type":"","background-media":"","overlay-type":"","overlay-color":"","overlay-opacity":"","overlay-gradient":""},"mobile":{"background-color":"","background-image":"","background-repeat":"repeat","background-position":"center center","background-size":"auto","background-attachment":"scroll","background-type":"","background-media":"","overlay-type":"","overlay-color":"","overlay-opacity":"","overlay-gradient":""}},"ast-content-background-meta":{"desktop":{"background-color":"var(--ast-global-color-4)","background-image":"","background-repeat":"repeat","background-position":"center center","background-size":"auto","background-attachment":"scroll","background-type":"","background-media":"","overlay-type":"","overlay-color":"","overlay-opacity":"","overlay-gradient":""},"tablet":{"background-color":"var(--ast-global-color-4)","background-image":"","background-repeat":"repeat","background-position":"center center","background-size":"auto","background-attachment":"scroll","background-type":"","background-media":"","overlay-type":"","overlay-color":"","overlay-opacity":"","overlay-gradient":""},"mobile":{"background-color":"var(--ast-global-color-4)","background-image":"","background-repeat":"repeat","background-position":"center center","background-size":"auto","background-attachment":"scroll","background-type":"","background-media":"","overlay-type":"","overlay-color":"","overlay-opacity":"","overlay-gradient":""}},"footnotes":""},"class_list":["post-2126","page","type-page","status-publish","hentry"],"_links":{"self":[{"href":"https:\/\/craftcleaners.eu\/de\/wp-json\/wp\/v2\/pages\/2126","targetHints":{"allow":["GET"]}}],"collection":[{"href":"https:\/\/craftcleaners.eu\/de\/wp-json\/wp\/v2\/pages"}],"about":[{"href":"https:\/\/craftcleaners.eu\/de\/wp-json\/wp\/v2\/types\/page"}],"author":[{"embeddable":true,"href":"https:\/\/craftcleaners.eu\/de\/wp-json\/wp\/v2\/users\/1"}],"replies":[{"embeddable":true,"href":"https:\/\/craftcleaners.eu\/de\/wp-json\/wp\/v2\/comments?post=2126"}],"version-history":[{"count":3,"href":"https:\/\/craftcleaners.eu\/de\/wp-json\/wp\/v2\/pages\/2126\/revisions"}],"predecessor-version":[{"id":2296,"href":"https:\/\/craftcleaners.eu\/de\/wp-json\/wp\/v2\/pages\/2126\/revisions\/2296"}],"wp:attachment":[{"href":"https:\/\/craftcleaners.eu\/de\/wp-json\/wp\/v2\/media?parent=2126"}],"curies":[{"name":"wp","href":"https:\/\/api.w.org\/{rel}","templated":true}]}}