{"id":2028,"date":"2025-07-02T22:39:46","date_gmt":"2025-07-02T20:39:46","guid":{"rendered":"https:\/\/craftcleaners.eu\/produkt\/craftcleaners-bilvoksmousse-premium-carnauba-siliciumdioxid-sio%e2%82%82-200-ml\/"},"modified":"2026-04-14T09:49:51","modified_gmt":"2026-04-14T07:49:51","slug":"craftcleaners-bilvoksmousse-premium-carnauba-siliciumdioxid-sio%e2%82%82-200-ml","status":"publish","type":"product","link":"https:\/\/craftcleaners.eu\/da\/produkt\/craftcleaners-bilvoksmousse-premium-carnauba-siliciumdioxid-sio%e2%82%82-200-ml\/","title":{"rendered":"Craftcleaners Bilvoksmousse Premium Carnauba Siliciumdioxid (SiO\u2082) 200 Ml"},"content":{"rendered":"<div style=\"font-family: 'Sora', -apple-system, BlinkMacSystemFont, 'Segoe UI', Arial, sans-serif; color: #1a1a1a; max-width: 100%; margin: 0; padding: 0; background: #fff; overflow-x: hidden;\">\n<div style=\"background: #ffffff; padding: 40px 20px; position: relative; border-bottom: 1px solid #eee;\">\n<div style=\"max-width: 1200px; margin: 0 auto;\">\n<div style=\"display: flex; flex-wrap: wrap; align-items: center; gap: 30px;\">\n<div style=\"flex: 1; min-width: 280px;\">\n<div style=\"display: inline-block; background: rgba(209, 10, 17, 0.1); border: 2px solid #d10a11; padding: 8px 20px; border-radius: 50px; margin-bottom: 15px;\">\n                        <span style=\"color: #d10a11; font-size: 11px; font-weight: bold; letter-spacing: 2px; text-transform: uppercase;\">\ud83c\uddf5\ud83c\uddf1 H\u00e5ndlavet i Polen<\/span>\n                    <\/div>\n<h1 style=\"font-size: clamp(32px, 6vw, 48px); font-weight: 900; margin: 0 0 15px 0; line-height: 1.1; color: #1a1a1a; text-transform: uppercase; letter-spacing: -1px;\">Craft Wax 200ML<\/h1>\n<div style=\"width: 60px; height: 3px; background: #d10a11; margin: 15px 0;\"><\/div>\n<p style=\"font-size: clamp(18px, 3vw, 20px); color: #d10a11; font-weight: 600; margin: 0 0 10px 0; letter-spacing: 0.5px;\">Artisanal Mousse-formel<\/p>\n<p style=\"font-size: clamp(14px, 2.5vw, 16px); color: #555; line-height: 1.6; margin: 0;\">Carnauba, bivoks &#038; SiO\u2082 silikone \u2013 en moderne mousse-blanding for den ultimative &#8220;wet-look&#8221; finish.<\/p>\n<\/div>\n<div style=\"flex: 1; min-width: 280px;\">\n                    <img decoding=\"async\" style=\"width: 100%; height: auto; border-radius: 15px; box-shadow: 0 15px 40px rgba(0, 0, 0, 0.1);\" src=\"https:\/\/craftcleaners.eu\/wp-content\/uploads\/2025\/11\/IMG_7081-scaled.jpg\" alt=\"Craft Wax i h\u00e5nden\" \/>\n                <\/div>\n<\/div>\n<\/div>\n<\/div>\n<div style=\"background: #fff; padding: 60px 20px;\">\n<div style=\"max-width: 1100px; margin: 0 auto;\">\n<h2 style=\"font-size: clamp(28px, 5vw, 36px); font-weight: 900; color: #000; margin: 0 0 30px 0; text-align: center; text-transform: uppercase; letter-spacing: -1px;\">Derfor vil du elske <span style=\"color: #d10a11;\">Craft Wax<\/span><\/h2>\n<div style=\"display: grid; grid-template-columns: repeat(auto-fit, minmax(240px, 1fr)); gap: 20px;\">\n<div style=\"background: #f9f9f9; border-left: 4px solid #d10a11; padding: 25px; border-radius: 8px;\">\n<h3 style=\"font-size: 18px; font-weight: 800; color: #d10a11; margin: 0 0 12px 0;\">\ud83d\udca7 Super-hydrofobisk lag<\/h3>\n<p style=\"font-size: 15px; color: #555; line-height: 1.7; margin: 0;\">Vandet perler \u00f8jeblikkeligt af. Din bil holder sig renere i l\u00e6ngere tid mellem vaske.<\/p>\n<\/div>\n<div style=\"background: #f9f9f9; border-left: 4px solid #d10a11; padding: 25px; border-radius: 8px;\">\n<h3 style=\"font-size: 18px; font-weight: 800; color: #d10a11; margin: 0 0 12px 0;\">\u2728 Enest\u00e5ende Wet-Look glans<\/h3>\n<p style=\"font-size: 15px; color: #555; line-height: 1.7; margin: 0;\">Dyb, spejlblank glans, der f\u00e5r din lak til at se nymalet ud.<\/p>\n<\/div>\n<div style=\"background: #f9f9f9; border-left: 4px solid #d10a11; padding: 25px; border-radius: 8px;\">\n<h3 style=\"font-size: 18px; font-weight: 800; color: #d10a11; margin: 0 0 12px 0;\">\ud83d\ude0a Nem p\u00e5f\u00f8ring<\/h3>\n<p style=\"font-size: 15px; color: #555; line-height: 1.7; margin: 0;\">Mousse-formlen fordeles ubesv\u00e6ret. Ingen striber, ingen frustration, kun resultater.<\/p>\n<\/div>\n<div style=\"background: #f9f9f9; border-left: 4px solid #d10a11; padding: 25px; border-radius: 8px;\">\n<h3 style=\"font-size: 18px; font-weight: 800; color: #d10a11; margin: 0 0 12px 0;\">\ud83d\udee1 2-3 m\u00e5neders beskyttelse<\/h3>\n<p style=\"font-size: 15px; color: #555; line-height: 1.7; margin: 0;\">Langvarig beskyttelse mod vejrlig, UV-str\u00e5ler og vejforurening.<\/p>\n<\/div>\n<\/div>\n<\/div>\n<\/div>\n<div style=\"background: #f5f5f5; padding: 60px 20px;\">\n<div style=\"max-width: 1100px; margin: 0 auto;\">\n<div style=\"display: flex; flex-wrap: wrap; align-items: center; gap: 30px;\">\n<div style=\"flex: 1; min-width: 280px; order: 1;\">\n<h2 style=\"font-size: clamp(28px, 5vw, 36px); font-weight: 900; color: #1a1a1a; margin: 0 0 20px 0; text-transform: uppercase; letter-spacing: -1px;\">Hydrofobisk <span style=\"color: #d10a11;\">beskyttelse<\/span><\/h2>\n<p style=\"font-size: clamp(14px, 2.5vw, 16px); color: #444; line-height: 1.8; margin: 0 0 20px 0;\">Efter p\u00e5f\u00f8ring af Craft Wax dannes et usynligt beskyttende lag p\u00e5 din lak, der aktivt afviser vand, snavs og vejst\u00f8v. Denne hydrofobiske effekt ser ikke bare fantastisk ud \u2013 den holder ogs\u00e5 din bil renere mellem vaske.<\/p>\n<div style=\"background: #fff; border-left: 4px solid #d10a11; padding: 20px; border-radius: 8px; box-shadow: 0 4px 15px rgba(0,0,0,0.05);\">\n<p style=\"font-size: 14px; color: #1a1a1a; margin: 0; line-height: 1.7;\"><strong style=\"color: #d10a11;\">Videnskaben:<\/strong> SiO\u2082 silikone skaber en molekyl\u00e6r binding med din lak, hvilket danner en ekstremt glat overflade, som vand simpelthen ikke kan sidde fast p\u00e5.<\/p>\n<\/div>\n<\/div>\n<div style=\"flex: 1; min-width: 280px; order: 2;\">\n                    <img decoding=\"async\" style=\"width: 100%; height: auto; border-radius: 12px; box-shadow: 0 10px 30px rgba(0, 0, 0, 0.1); border: 2px solid rgba(209, 10, 17, 0.1);\" src=\"https:\/\/craftcleaners.eu\/wp-content\/uploads\/2025\/11\/3bsfyvrqxk-hydro.gif\" alt=\"Hydrofobisk vandperle-effekt\" \/>\n                <\/div>\n<\/div>\n<\/div>\n<\/div>\n<div style=\"background: #fff; padding: 60px 20px;\">\n<div style=\"max-width: 1100px; margin: 0 auto;\">\n<div style=\"display: flex; flex-wrap: wrap; align-items: center; gap: 30px;\">\n<div style=\"flex: 1; min-width: 280px; order: 2;\">\n                    <img decoding=\"async\" style=\"width: 100%; height: auto; border-radius: 12px; box-shadow: 0 10px 30px rgba(0, 0, 0, 0.08); border: 2px solid #f0f0f0;\" src=\"https:\/\/craftcleaners.eu\/wp-content\/uploads\/2025\/11\/3crr1q2cwk-gif-lustro.gif\" alt=\"Spejlblank glansfinish\" \/>\n                <\/div>\n<div style=\"flex: 1; min-width: 280px; order: 1;\">\n<h2 style=\"font-size: clamp(28px, 5vw, 36px); font-weight: 900; color: #000; margin: 0 0 20px 0; text-transform: uppercase; letter-spacing: -1px;\">Den <span style=\"color: #d10a11;\">spejlblanke finish<\/span><\/h2>\n<p style=\"font-size: clamp(14px, 2.5vw, 16px); color: #555; line-height: 1.8; margin: 0 0 20px 0;\">Brasiliansk carnauba skaber den ikoniske wet-look dybde, mens naturlig bivoks tilf\u00f8jer varme og klarhed til finishen. Resultatet? Din lak ser ud som flydende glas.<\/p>\n<div style=\"background: #f9f9f9; border-left: 4px solid #d10a11; padding: 20px; border-radius: 8px;\">\n<p style=\"font-size: 13px; color: #444; margin: 0; line-height: 2;\">\n                            \u2713 Dyb wet-look glans fremh\u00e6ver farven<br \/>\n                            \u2713 Spejlblanke refleksioner og klarhed<br \/>\n                            \u2713 Rig, dimensionel glans<br \/>\n                            \u2713 Professionel showroom-finish\n                        <\/p>\n<\/div>\n<\/div>\n<\/div>\n<\/div>\n<\/div>\n<div style=\"background: #f5f5f5; padding: 60px 20px;\">\n<div style=\"max-width: 1000px; margin: 0 auto;\">\n<div style=\"text-align: center; margin-bottom: 30px;\">\n<h2 style=\"font-size: clamp(28px, 5vw, 36px); font-weight: 900; color: #000; margin: 0 0 15px 0; text-transform: uppercase; letter-spacing: -1px;\">Oplev <span style=\"color: #d10a11;\">forvandlingen<\/span><\/h2>\n<\/div>\n<div style=\"background: #fff; padding: 15px; border-radius: 15px; box-shadow: 0 10px 40px rgba(0, 0, 0, 0.05); margin-bottom: 25px; text-align: center;\">\n                <img decoding=\"async\" style=\"width: 100%; height: auto; border-radius: 10px;\" src=\"https:\/\/craftcleaners.eu\/wp-content\/uploads\/2025\/07\/przed-po.jpg\" alt=\"F\u00f8r og efter sammenligning\" \/>\n            <\/div>\n<div style=\"display: grid; grid-template-columns: repeat(auto-fit, minmax(280px, 1fr)); gap: 20px;\">\n<div style=\"background: #fff; border: 1px solid #ddd; border-radius: 12px; padding: 25px; text-align: center;\">\n<h3 style=\"font-size: 16px; font-weight: 800; color: #999; margin: 0 0 10px 0; text-decoration: line-through;\">F\u00d8R<\/h3>\n<p style=\"font-size: 13px; color: #666; line-height: 1.6;\">Mat lak, ingen beskyttelse, flad finish.<\/p>\n<\/div>\n<div style=\"background: #fff; border: 2px solid #d10a11; border-radius: 12px; padding: 25px; text-align: center; box-shadow: 0 10px 25px rgba(209, 10, 17, 0.1);\">\n<h3 style=\"font-size: 16px; font-weight: 800; color: #d10a11; margin: 0 0 10px 0;\">EFTER<\/h3>\n<p style=\"font-size: 13px; color: #1a1a1a; line-height: 1.6; font-weight: 500;\"><strong>Spejlblank glans<\/strong>, beskyttet overflade, <strong>Wet-look dybde<\/strong>.<\/p>\n<\/div>\n<\/div>\n<\/div>\n<\/div>\n<div style=\"background: #fff; padding: 60px 20px;\">\n<div style=\"max-width: 800px; margin: 0 auto;\">\n<div style=\"text-align: center; margin-bottom: 30px;\">\n<h2 style=\"font-size: clamp(28px, 5vw, 36px); font-weight: 900; color: #000; margin: 0 0 15px 0; text-transform: uppercase; letter-spacing: -1px;\">Produkt-<span style=\"color: #d10a11;\">detaljer<\/span><\/h2>\n<\/div>\n<div style=\"background: #fff; border: 1px solid #eee; border-radius: 15px; overflow: hidden; box-shadow: 0 5px 20px rgba(0,0,0,0.03);\">\n<div style=\"padding: 18px 20px; border-bottom: 1px solid #eee; display: flex; justify-content: space-between; align-items: center;\">\n<p style=\"font-size: 14px; font-weight: bold; color: #d10a11; margin: 0;\">M\u00e6ngde<\/p>\n<p style=\"font-size: 14px; color: #333; margin: 0; font-weight: 600;\">200 ML<\/p>\n<\/div>\n<div style=\"padding: 18px 20px; border-bottom: 1px solid #eee; background: #f9f9f9; display: flex; justify-content: space-between; align-items: center;\">\n<p style=\"font-size: 14px; font-weight: bold; color: #d10a11; margin: 0;\">N\u00f8gleingredienser<\/p>\n<p style=\"font-size: 14px; color: #333; margin: 0; font-weight: 600;\">Carnauba, bivoks, SiO\u2082<\/p>\n<\/div>\n<div style=\"padding: 18px 20px; border-bottom: 1px solid #eee; display: flex; justify-content: space-between; align-items: center;\">\n<p style=\"font-size: 14px; font-weight: bold; color: #d10a11; margin: 0;\">Beskyttelse<\/p>\n<p style=\"font-size: 14px; color: #333; margin: 0; font-weight: 600;\">2-3 m\u00e5neder<\/p>\n<\/div>\n<div style=\"padding: 18px 20px; background: #f9f9f9; display: flex; justify-content: space-between; align-items: center;\">\n<p style=\"font-size: 14px; font-weight: bold; color: #d10a11; margin: 0;\">Oprindelse<\/p>\n<p style=\"font-size: 14px; color: #333; margin: 0; font-weight: 600;\">\ud83c\uddf5\ud83c\uddf1 H\u00e5ndlavet i Polen<\/p>\n<\/div>\n<\/div>\n<\/div>\n<\/div>\n<div style=\"margin: 0; padding: 0;\"><img decoding=\"async\" style=\"width: 100%; height: auto; display: block; margin: 0;\" src=\"https:\/\/craftcleaners.eu\/wp-content\/uploads\/2025\/11\/3m4qrrknbu-bannergrg_small_80-1.webp\" alt=\"Craft Wax Banner\" \/><\/div>\n<\/div>\n","protected":false},"excerpt":{"rendered":"<p>H\u00e5ndlavet voksmousse for dyb glans, wet-look-glans og st\u00e6rk hydrofob beskyttelse i op til 3 m\u00e5neder \u2728<\/p>\n","protected":false},"featured_media":2487,"comment_status":"closed","ping_status":"closed","template":"","meta":{"site-sidebar-layout":"default","site-content-layout":"","ast-site-content-layout":"normal-width-container","site-content-style":"default","site-sidebar-style":"default","ast-global-header-display":"","ast-banner-title-visibility":"","ast-main-header-display":"","ast-hfb-above-header-display":"","ast-hfb-below-header-display":"","ast-hfb-mobile-header-display":"","site-post-title":"","ast-breadcrumbs-content":"","ast-featured-img":"","footer-sml-layout":"","theme-transparent-header-meta":"disabled","adv-header-id-meta":"","stick-header-meta":"","header-above-stick-meta":"","header-main-stick-meta":"","header-below-stick-meta":"","astra-migrate-meta-layouts":"default","ast-page-background-enabled":"default","ast-page-background-meta":{"desktop":{"background-color":"var(--ast-global-color-5)","background-image":"","background-repeat":"repeat","background-position":"center center","background-size":"auto","background-attachment":"scroll","background-type":"","background-media":"","overlay-type":"","overlay-color":"","overlay-opacity":"","overlay-gradient":""},"tablet":{"background-color":"","background-image":"","background-repeat":"repeat","background-position":"center center","background-size":"auto","background-attachment":"scroll","background-type":"","background-media":"","overlay-type":"","overlay-color":"","overlay-opacity":"","overlay-gradient":""},"mobile":{"background-color":"","background-image":"","background-repeat":"repeat","background-position":"center center","background-size":"auto","background-attachment":"scroll","background-type":"","background-media":"","overlay-type":"","overlay-color":"","overlay-opacity":"","overlay-gradient":""}},"ast-content-background-meta":{"desktop":{"background-color":"var(--ast-global-color-4)","background-image":"","background-repeat":"repeat","background-position":"center center","background-size":"auto","background-attachment":"scroll","background-type":"","background-media":"","overlay-type":"","overlay-color":"","overlay-opacity":"","overlay-gradient":""},"tablet":{"background-color":"var(--ast-global-color-4)","background-image":"","background-repeat":"repeat","background-position":"center center","background-size":"auto","background-attachment":"scroll","background-type":"","background-media":"","overlay-type":"","overlay-color":"","overlay-opacity":"","overlay-gradient":""},"mobile":{"background-color":"var(--ast-global-color-4)","background-image":"","background-repeat":"repeat","background-position":"center center","background-size":"auto","background-attachment":"scroll","background-type":"","background-media":"","overlay-type":"","overlay-color":"","overlay-opacity":"","overlay-gradient":""}}},"product_brand":[],"product_cat":[91,90],"product_tag":[],"class_list":{"0":"post-2028","1":"product","2":"type-product","3":"status-publish","4":"has-post-thumbnail","6":"product_cat-bestsellers","7":"product_cat-car-care-products","8":"desktop-align-left","9":"tablet-align-left","10":"mobile-align-left","12":"first","13":"instock","14":"sale","15":"taxable","16":"shipping-taxable","17":"purchasable","18":"product-type-simple"},"_links":{"self":[{"href":"https:\/\/craftcleaners.eu\/da\/wp-json\/wp\/v2\/product\/2028","targetHints":{"allow":["GET"]}}],"collection":[{"href":"https:\/\/craftcleaners.eu\/da\/wp-json\/wp\/v2\/product"}],"about":[{"href":"https:\/\/craftcleaners.eu\/da\/wp-json\/wp\/v2\/types\/product"}],"replies":[{"embeddable":true,"href":"https:\/\/craftcleaners.eu\/da\/wp-json\/wp\/v2\/comments?post=2028"}],"wp:featuredmedia":[{"embeddable":true,"href":"https:\/\/craftcleaners.eu\/da\/wp-json\/wp\/v2\/media\/2487"}],"wp:attachment":[{"href":"https:\/\/craftcleaners.eu\/da\/wp-json\/wp\/v2\/media?parent=2028"}],"wp:term":[{"taxonomy":"product_brand","embeddable":true,"href":"https:\/\/craftcleaners.eu\/da\/wp-json\/wp\/v2\/product_brand?post=2028"},{"taxonomy":"product_cat","embeddable":true,"href":"https:\/\/craftcleaners.eu\/da\/wp-json\/wp\/v2\/product_cat?post=2028"},{"taxonomy":"product_tag","embeddable":true,"href":"https:\/\/craftcleaners.eu\/da\/wp-json\/wp\/v2\/product_tag?post=2028"}],"curies":[{"name":"wp","href":"https:\/\/api.w.org\/{rel}","templated":true}]}}