{"id":2143,"date":"2024-12-13T18:15:59","date_gmt":"2024-12-13T17:15:59","guid":{"rendered":"https:\/\/craftcleaners.eu\/vilkaar-og-betingelser\/"},"modified":"2025-11-16T17:01:24","modified_gmt":"2025-11-16T16:01:24","slug":"vilkaar-og-betingelser","status":"publish","type":"page","link":"https:\/\/craftcleaners.eu\/da\/vilkaar-og-betingelser\/","title":{"rendered":"Vilk\u00e5r og betingelser"},"content":{"rendered":"\n\r\n\r\n\r\n    <meta charset=\"UTF-8\"\/>\r\n    <meta name=\"viewport\" content=\"width=device-width, initial-scale=1.0\"\/>\r\n    <title>Betingelser og Vilk\u00e5r &#8211; Craft Cleaners<\/title>\r\n    <style>\r\n\/* Google Fonts *\/\r\n@import url('https:\/\/fonts.googleapis.com\/css2?family=Sora:wght@300;400;600;700;800&display=swap');\r\n\r\n\/* Reset and Base *\/\r\n* {\r\n    margin: 0;\r\n    padding: 0;\r\n    box-sizing: border-box;\r\n}\r\n\r\nbody {\r\n    font-family: 'Sora', -apple-system, BlinkMacSystemFont, sans-serif;\r\n    background: #000;\r\n    color: #fff;\r\n    overflow-x: hidden;\r\n}\r\n\r\n\/* Page Header *\/\r\n.cc-page-header {\r\n    background: linear-gradient(135deg, rgba(209, 10, 17, 0.1), rgba(0, 0, 0, 0.9)), \r\n                url('https:\/\/images.unsplash.com\/photo-1450101499163-c8848c66ca85?q=80&w=2070') center\/cover;\r\n    padding: 120px 20px 80px;\r\n    text-align: center;\r\n    border-bottom: 1px solid rgba(209, 10, 17, 0.2);\r\n}\r\n\r\n.cc-page-title {\r\n    font-size: clamp(40px, 8vw, 64px);\r\n    font-weight: 800;\r\n    margin-bottom: 15px;\r\n    text-transform: uppercase;\r\n}\r\n\r\n.cc-page-subtitle {\r\n    font-size: 14px;\r\n    opacity: 0.7;\r\n    letter-spacing: 2px;\r\n    text-transform: uppercase;\r\n}\r\n\r\n\/* Content Section *\/\r\n.cc-content-section {\r\n    background: #000;\r\n    padding: 80px 20px;\r\n}\r\n\r\n.cc-content-container {\r\n    max-width: 900px;\r\n    margin: 0 auto;\r\n}\r\n\r\n.cc-last-updated {\r\n    text-align: center;\r\n    font-size: 13px;\r\n    opacity: 0.6;\r\n    margin-bottom: 50px;\r\n    padding-bottom: 30px;\r\n    border-bottom: 1px solid rgba(255, 255, 255, 0.1);\r\n}\r\n\r\n.cc-terms-section {\r\n    margin-bottom: 50px;\r\n    padding: 40px;\r\n    background: rgba(255, 255, 255, 0.03);\r\n    border: 1px solid rgba(255, 255, 255, 0.08);\r\n    border-radius: 15px;\r\n    transition: all 0.3s ease;\r\n}\r\n\r\n.cc-terms-section:hover {\r\n    border-color: rgba(209, 10, 17, 0.3);\r\n    background: rgba(255, 255, 255, 0.05);\r\n}\r\n\r\n.cc-section-number {\r\n    display: inline-block;\r\n    background: linear-gradient(135deg, #d10a11, #a00810);\r\n    color: #fff;\r\n    width: 40px;\r\n    height: 40px;\r\n    border-radius: 50%;\r\n    text-align: center;\r\n    line-height: 40px;\r\n    font-weight: 800;\r\n    font-size: 18px;\r\n    margin-bottom: 20px;\r\n}\r\n\r\n.cc-section-title {\r\n    font-size: 24px;\r\n    font-weight: 700;\r\n    margin-bottom: 20px;\r\n    color: #fff;\r\n    text-transform: uppercase;\r\n    letter-spacing: 1px;\r\n}\r\n\r\n.cc-section-content p {\r\n    font-size: 15px;\r\n    line-height: 1.8;\r\n    opacity: 0.85;\r\n    margin-bottom: 15px;\r\n}\r\n\r\n.cc-section-content strong {\r\n    color: #d10a11;\r\n    font-weight: 700;\r\n}\r\n\r\n.cc-subsection {\r\n    margin: 25px 0;\r\n    padding-left: 20px;\r\n    border-left: 2px solid rgba(209, 10, 17, 0.3);\r\n}\r\n\r\n.cc-subsection-title {\r\n    font-size: 16px;\r\n    font-weight: 700;\r\n    margin-bottom: 10px;\r\n    color: #d10a11;\r\n}\r\n\r\n.cc-list {\r\n    list-style: none;\r\n    padding-left: 0;\r\n    margin: 15px 0;\r\n}\r\n\r\n.cc-list li {\r\n    position: relative;\r\n    padding-left: 30px;\r\n    margin-bottom: 12px;\r\n    font-size: 15px;\r\n    line-height: 1.8;\r\n    opacity: 0.85;\r\n}\r\n\r\n.cc-list li::before {\r\n    content: '\u2726';\r\n    position: absolute;\r\n    left: 0;\r\n    color: #d10a11;\r\n    font-size: 12px;\r\n}\r\n\r\n\/* Contact Box *\/\r\n.cc-contact-box {\r\n    background: linear-gradient(135deg, rgba(209, 10, 17, 0.1), rgba(209, 10, 17, 0.05));\r\n    border: 2px solid rgba(209, 10, 17, 0.3);\r\n    padding: 40px;\r\n    border-radius: 15px;\r\n    text-align: center;\r\n    margin-top: 60px;\r\n}\r\n\r\n.cc-contact-title {\r\n    font-size: 24px;\r\n    font-weight: 700;\r\n    margin-bottom: 15px;\r\n    color: #d10a11;\r\n}\r\n\r\n.cc-contact-text {\r\n    font-size: 15px;\r\n    line-height: 1.8;\r\n    opacity: 0.85;\r\n    margin-bottom: 25px;\r\n}\r\n\r\n.cc-contact-info {\r\n    display: flex;\r\n    justify-content: center;\r\n    gap: 40px;\r\n    flex-wrap: wrap;\r\n    margin-top: 25px;\r\n}\r\n\r\n.cc-contact-item {\r\n    font-size: 14px;\r\n}\r\n\r\n.cc-contact-item strong {\r\n    display: block;\r\n    color: #d10a11;\r\n    margin-bottom: 5px;\r\n    font-size: 12px;\r\n    text-transform: uppercase;\r\n    letter-spacing: 1px;\r\n}\r\n\r\n.cc-contact-item a {\r\n    color: #fff;\r\n    text-decoration: none;\r\n    transition: color 0.3s ease;\r\n}\r\n\r\n.cc-contact-item a:hover {\r\n    color: #d10a11;\r\n}\r\n\r\n\/* Footer *\/\r\n.cc-footer {\r\n    background: #000;\r\n    padding: 80px 20px 40px;\r\n    border-top: 1px solid rgba(255, 255, 255, 0.1);\r\n}\r\n\r\n.cc-footer-content {\r\n    max-width: 1400px;\r\n    margin: 0 auto;\r\n    display: grid;\r\n    grid-template-columns: 2fr 1fr 1fr 1fr;\r\n    gap: 60px;\r\n    margin-bottom: 60px;\r\n}\r\n\r\n.cc-footer-logo {\r\n    font-size: 28px;\r\n    font-weight: 800;\r\n    margin-bottom: 20px;\r\n}\r\n\r\n.cc-footer-logo span {\r\n    color: #d10a11;\r\n}\r\n\r\n.cc-footer-desc {\r\n    font-size: 14px;\r\n    opacity: 0.6;\r\n    line-height: 1.6;\r\n}\r\n\r\n.cc-footer-column h4 {\r\n    font-size: 16px;\r\n    font-weight: 700;\r\n    margin-bottom: 20px;\r\n    text-transform: uppercase;\r\n    letter-spacing: 1px;\r\n}\r\n\r\n.cc-footer-column ul {\r\n    list-style: none;\r\n}\r\n\r\n.cc-footer-column ul li {\r\n    margin-bottom: 12px;\r\n}\r\n\r\n.cc-footer-column ul li a {\r\n    color: rgba(255, 255, 255, 0.6);\r\n    text-decoration: none;\r\n    font-size: 14px;\r\n    transition: color 0.3s;\r\n}\r\n\r\n.cc-footer-column ul li a:hover {\r\n    color: #d10a11;\r\n}\r\n\r\n.cc-footer-bottom {\r\n    text-align: center;\r\n    padding-top: 40px;\r\n    border-top: 1px solid rgba(255, 255, 255, 0.1);\r\n    font-size: 14px;\r\n    opacity: 0.5;\r\n}\r\n\r\n\/* Responsive *\/\r\n@media (max-width: 1024px) {\r\n    .cc-footer-content {\r\n        grid-template-columns: 1fr 1fr;\r\n    }\r\n}\r\n\r\n@media (max-width: 768px) {\r\n    .cc-footer-content {\r\n        grid-template-columns: 1fr;\r\n        gap: 40px;\r\n    }\r\n    \r\n    .cc-terms-section {\r\n        padding: 25px;\r\n    }\r\n    \r\n    .cc-contact-info {\r\n        flex-direction: column;\r\n        gap: 20px;\r\n    }\r\n}\r\n    <\/style>\r\n\r\n\r\n\r\n<!-- Page Header -->\r\n<section class=\"cc-page-header\">\r\n    <h1 class=\"cc-page-title\">Betingelser &#038; Vilk\u00e5r<\/h1>\r\n    <p class=\"cc-page-subtitle\">Generelle Betingelser og Vilk\u00e5r<\/p>\r\n<\/section>\r\n\r\n<!-- Content Section -->\r\n<section class=\"cc-content-section\">\r\n    <div class=\"cc-content-container\">\r\n        \r\n        <div class=\"cc-last-updated\">\r\n            Sidst opdateret: Januar 2025\r\n        <\/div>\r\n\r\n        <!-- Section 1 -->\r\n        <div class=\"cc-terms-section\">\r\n            <div class=\"cc-section-number\">1<\/div>\r\n            <h2 class=\"cc-section-title\">Generel information<\/h2>\r\n            <div class=\"cc-section-content\">\r\n                <div class=\"cc-subsection\">\r\n                    <p class=\"cc-subsection-title\">1.1 Oplysninger om operat\u00f8r<\/p>\r\n                    <p>Webshoppen CraftCleaners.eu drives af:<\/p>\r\n                    <ul class=\"cc-list\">\r\n                        <li><strong>Virksomhed:<\/strong> Ecommate Sp. z o.o.<\/li>\r\n                        <li><strong>NIP:<\/strong> 5671930881<\/li>\r\n                        <li><strong>REGON:<\/strong> 527446995<\/li>\r\n                        <li><strong>Juridisk form:<\/strong> Anpartsselskab<\/li>\r\n                    <\/ul>\r\n                <\/div>\r\n\r\n                <div class=\"cc-subsection\">\r\n                    <p class=\"cc-subsection-title\">1.2 Kontaktoplysninger<\/p>\r\n                    <p>Du kan kontakte butikken via e-mail p\u00e5: <strong>contact@craftcleaners.eu<\/strong><\/p>\r\n                <\/div>\r\n\r\n                <div class=\"cc-subsection\">\r\n                    <p class=\"cc-subsection-title\">1.3 Anvendelsesomr\u00e5de<\/p>\r\n                    <p>Disse generelle betingelser og vilk\u00e5r (GTC) regulerer betingelserne for k\u00f8b i CraftCleaners.eu-butikken.<\/p>\r\n                <\/div>\r\n\r\n                <div class=\"cc-subsection\">\r\n                    <p class=\"cc-subsection-title\">1.4 Accept af betingelser<\/p>\r\n                    <p>Kunden accepterer disse GTC ved at afgive en ordre.<\/p>\r\n                <\/div>\r\n            <\/div>\r\n        <\/div>\r\n\r\n        <!-- Section 2 -->\r\n        <div class=\"cc-terms-section\">\r\n            <div class=\"cc-section-number\">2<\/div>\r\n            <h2 class=\"cc-section-title\">Ordrer<\/h2>\r\n            <div class=\"cc-section-content\">\r\n                <div class=\"cc-subsection\">\r\n                    <p class=\"cc-subsection-title\">2.1 Ordreberettigelse<\/p>\r\n                    <p>Ordrer kan afgives af voksne med fuld retslig handleevne.<\/p>\r\n                <\/div>\r\n\r\n                <div class=\"cc-subsection\">\r\n                    <p class=\"cc-subsection-title\">2.2 Ordetilg\u00e6ngelighed<\/p>\r\n                    <p>Ordrer accepteres 24\/7 via CraftCleaners.eu hjemmeside.<\/p>\r\n                <\/div>\r\n\r\n                <div class=\"cc-subsection\">\r\n                    <p class=\"cc-subsection-title\">2.3 Ordrekrav<\/p>\r\n                    <p>Foruds\u00e6tningen for behandling af en ordre er korrekt udfyldelse af ordreformularen.<\/p>\r\n                <\/div>\r\n            <\/div>\r\n        <\/div>\r\n\r\n        <!-- Section 3 -->\r\n        <div class=\"cc-terms-section\">\r\n            <div class=\"cc-section-number\">3<\/div>\r\n            <h2 class=\"cc-section-title\">Priser og betalinger<\/h2>\r\n            <div class=\"cc-section-content\">\r\n                <div class=\"cc-subsection\">\r\n                    <p class=\"cc-subsection-title\">3.1 Prisfasts\u00e6ttelse<\/p>\r\n                    <p>Alle priser er angivet i polske zloty (PLN) og inkluderer moms.<\/p>\r\n                <\/div>\r\n\r\n                <div class=\"cc-subsection\">\r\n                    <p class=\"cc-subsection-title\">3.2 Betalingsmetoder<\/p>\r\n                    <p>Kunden kan v\u00e6lge en af f\u00f8lgende betalingsmetoder:<\/p>\r\n                    <ul class=\"cc-list\">\r\n                        <li>Bankoverf\u00f8rsel<\/li>\r\n                        <li>Online betaling (PayPal)<\/li>\r\n                        <li>Betaling ved levering<\/li>\r\n                    <\/ul>\r\n                <\/div>\r\n            <\/div>\r\n        <\/div>\r\n\r\n        <!-- Section 4 -->\r\n        <div class=\"cc-terms-section\">\r\n            <div class=\"cc-section-number\">4<\/div>\r\n            <h2 class=\"cc-section-title\">Ordrebehandling<\/h2>\r\n            <div class=\"cc-section-content\">\r\n                <div class=\"cc-subsection\">\r\n                    <p class=\"cc-subsection-title\">4.1 Leveringstid<\/p>\r\n                    <p>Leveringstid er <strong>1 til 5 hverdage<\/strong>, afh\u00e6ngigt af produktets tilg\u00e6ngelighed.<\/p>\r\n                <\/div>\r\n\r\n                <div class=\"cc-subsection\">\r\n                    <p class=\"cc-subsection-title\">4.2 Meddelelse om forsinkelse<\/p>\r\n                    <p>Kunden vil blive informeret om eventuelle forsinkelser i ordrebehandlingen.<\/p>\r\n                <\/div>\r\n\r\n                <div class=\"cc-subsection\">\r\n                    <p class=\"cc-subsection-title\">4.3 Ordreopfyldelse<\/p>\r\n                    <p>Hvis ordren ikke kan opfyldes, vil s\u00e6lger kontakte kunden for at afklare yderligere trin.<\/p>\r\n                <\/div>\r\n            <\/div>\r\n        <\/div>\r\n\r\n        <!-- Section 5 -->\r\n        <div class=\"cc-terms-section\">\r\n            <div class=\"cc-section-number\">5<\/div>\r\n            <h2 class=\"cc-section-title\">Levering<\/h2>\r\n            <div class=\"cc-section-content\">\r\n                <div class=\"cc-subsection\">\r\n                    <p class=\"cc-subsection-title\">5.1 Forsendelsesomkostninger<\/p>\r\n                    <p>Forsendelsesomkostninger b\u00e6res af kunden, medmindre andet er angivet i et tilbud eller en kampagne.<\/p>\r\n                <\/div>\r\n\r\n                <div class=\"cc-subsection\">\r\n                    <p class=\"cc-subsection-title\">5.2 Leveringsmetoder<\/p>\r\n                    <p>Leverancer foretages via kurertjenester og afhentningssteder.<\/p>\r\n                <\/div>\r\n            <\/div>\r\n        <\/div>\r\n\r\n        <!-- Section 6 -->\r\n        <div class=\"cc-terms-section\">\r\n            <div class=\"cc-section-number\">6<\/div>\r\n            <h2 class=\"cc-section-title\">Reklamationer og returneringer<\/h2>\r\n            <div class=\"cc-section-content\">\r\n                <div class=\"cc-subsection\">\r\n                    <p class=\"cc-subsection-title\">6.1 Ret til returnering<\/p>\r\n                    <p>Kunden har ret til at returnere de k\u00f8bte varer uden begrundelse inden for <strong>14 dage efter modtagelse<\/strong>.<\/p>\r\n                <\/div>\r\n\r\n                <div class=\"cc-subsection\">\r\n                    <p class=\"cc-subsection-title\">6.2 Indsendelse af reklamation<\/p>\r\n                    <p>Reklamationer skal indsendes skriftligt til firmaets adresse eller via e-mail p\u00e5 <strong>contact@craftcleaners.eu<\/strong>.<\/p>\r\n                <\/div>\r\n\r\n                <div class=\"cc-subsection\">\r\n                    <p class=\"cc-subsection-title\">6.3 Behandling af reklamation<\/p>\r\n                    <p>Hvis reklamationen accepteres, afholder s\u00e6lger forsendelsesomkostningerne.<\/p>\r\n                <\/div>\r\n            <\/div>\r\n        <\/div>\r\n\r\n        <!-- Section 7 -->\r\n        <div class=\"cc-terms-section\">\r\n            <div class=\"cc-section-number\">7<\/div>\r\n            <h2 class=\"cc-section-title\">Personlige data<\/h2>\r\n            <div class=\"cc-section-content\">\r\n                <div class=\"cc-subsection\">\r\n                    <p class=\"cc-subsection-title\">7.1 Dataansvarlig<\/p>\r\n                    <p>Dataansvarlig er <strong>Ecommate Sp. z o.o.<\/strong>, NIP: 5671930881.<\/p>\r\n                <\/div>\r\n\r\n                <div class=\"cc-subsection\">\r\n                    <p class=\"cc-subsection-title\">7.2 Databehandling<\/p>\r\n                    <p>Personlige data vil udelukkende blive behandlet med det form\u00e5l at behandle ordrer og til markedsf\u00f8ringsform\u00e5l med kundens samtykke.<\/p>\r\n                    <p>For mere information henvises til vores <a href=\"https:\/\/craftcleaners.eu\/da\/privatlivspolitik\/\" style=\"color: #d10a11; text-decoration: underline;\">Fortrolighedspolitik<\/a>.<\/p>\r\n                <\/div>\r\n            <\/div>\r\n        <\/div>\r\n\r\n        <!-- Section 8 -->\r\n        <div class=\"cc-terms-section\">\r\n            <div class=\"cc-section-number\">8<\/div>\r\n            <h2 class=\"cc-section-title\">Afsluttende bestemmelser<\/h2>\r\n            <div class=\"cc-section-content\">\r\n                <div class=\"cc-subsection\">\r\n                    <p class=\"cc-subsection-title\">8.1 G\u00e6ldende lov<\/p>\r\n                    <p>For forhold, der ikke er reguleret af disse Betingelser og Vilk\u00e5r, finder bestemmelserne i den tyske civile lovbog (BGB) anvendelse.<\/p>\r\n                <\/div>\r\n\r\n                <div class=\"cc-subsection\">\r\n                    <p class=\"cc-subsection-title\">8.2 \u00c6ndringer<\/p>\r\n                    <p>S\u00e6lger forbeholder sig retten til at \u00e6ndre disse Betingelser og Vilk\u00e5r. Kunder vil blive underrettet om eventuelle \u00e6ndringer.<\/p>\r\n                <\/div>\r\n            <\/div>\r\n        <\/div>\r\n\r\n        <!-- Contact Box -->\r\n        <div class=\"cc-contact-box\">\r\n            <h3 class=\"cc-contact-title\">Sp\u00f8rgsm\u00e5l om vores betingelser?<\/h3>\r\n            <p class=\"cc-contact-text\">Hvis du har sp\u00f8rgsm\u00e5l vedr\u00f8rende disse Betingelser og Vilk\u00e5r, er du velkommen til at kontakte os.<\/p>\r\n            <div class=\"cc-contact-info\">\r\n                <div class=\"cc-contact-item\">\r\n                    <strong>E-mail<\/strong>\r\n                    <a href=\"mailto:contact@craftcleaners.eu\">contact@craftcleaners.eu<\/a>\r\n                <\/div>\r\n                <div class=\"cc-contact-item\">\r\n                    <strong>Hjemmeside<\/strong>\r\n                    <a href=\"https:\/\/craftcleaners.eu\/da\/\" target=\"_blank\">craftcleaners.eu<\/a>\r\n                <\/div>\r\n            <\/div>\r\n        <\/div>\r\n\r\n    <\/div>\r\n<\/section>\r\n\r\n<!-- Footer -->\r\n<footer class=\"cc-footer\">\r\n    <div class=\"cc-footer-content\">\r\n        <div class=\"cc-footer-column\">\r\n            <div class=\"cc-footer-logo\">Craft <span>Cleaners<\/span><\/div>\r\n            <p class=\"cc-footer-desc\">Professionelle detailing-produkter til kr\u00e6vende kunder. Premium kvalitet, du kan stole p\u00e5 med synlige, langvarige resultater.<\/p>\r\n        <\/div>\r\n        \r\n        <div class=\"cc-footer-column\">\r\n            <h4>Hurtige links<\/h4>\r\n            <ul>\r\n                <li><a href=\"https:\/\/craftcleaners.eu\/da\/privatlivspolitik\/\" target=\"_blank\">Fortrolighedspolitik<\/a><\/li>\r\n                <li><a href=\"https:\/\/craftcleaners.eu\/da\/vilkaar-og-betingelser\/\" target=\"_blank\">Betingelser &#038; Vilk\u00e5r<\/a><\/li>\r\n            <\/ul>\r\n        <\/div>\r\n        \r\n        <div class=\"cc-footer-column\">\r\n            <h4>Kontakt<\/h4>\r\n            <ul>\r\n                <li><a href=\"mailto:contact@craftcleaners.eu\">contact@craftcleaners.eu<\/a><\/li>\r\n                <li><a href=\"https:\/\/craftcleaners.eu\/da\/\" target=\"_blank\">craftcleaners.eu<\/a><\/li>\r\n            <\/ul>\r\n        <\/div>\r\n    <\/div>\r\n<\/footer>\r\n\r\n\r\n\n","protected":false},"excerpt":{"rendered":"<p>Betingelser og Vilk\u00e5r &#8211; Craft Cleaners Betingelser &#038; Vilk\u00e5r Generelle Betingelser og Vilk\u00e5r Sidst opdateret: Januar 2025 1 Generel information [&hellip;]<\/p>\n","protected":false},"author":2,"featured_media":0,"parent":0,"menu_order":0,"comment_status":"closed","ping_status":"closed","template":"","meta":{"site-sidebar-layout":"default","site-content-layout":"","ast-site-content-layout":"default","site-content-style":"default","site-sidebar-style":"default","ast-global-header-display":"","ast-banner-title-visibility":"","ast-main-header-display":"","ast-hfb-above-header-display":"","ast-hfb-below-header-display":"","ast-hfb-mobile-header-display":"","site-post-title":"","ast-breadcrumbs-content":"","ast-featured-img":"","footer-sml-layout":"","theme-transparent-header-meta":"","adv-header-id-meta":"","stick-header-meta":"","header-above-stick-meta":"","header-main-stick-meta":"","header-below-stick-meta":"","astra-migrate-meta-layouts":"default","ast-page-background-enabled":"default","ast-page-background-meta":{"desktop":{"background-color":"var(--ast-global-color-5)","background-image":"","background-repeat":"repeat","background-position":"center center","background-size":"auto","background-attachment":"scroll","background-type":"","background-media":"","overlay-type":"","overlay-color":"","overlay-opacity":"","overlay-gradient":""},"tablet":{"background-color":"","background-image":"","background-repeat":"repeat","background-position":"center center","background-size":"auto","background-attachment":"scroll","background-type":"","background-media":"","overlay-type":"","overlay-color":"","overlay-opacity":"","overlay-gradient":""},"mobile":{"background-color":"","background-image":"","background-repeat":"repeat","background-position":"center center","background-size":"auto","background-attachment":"scroll","background-type":"","background-media":"","overlay-type":"","overlay-color":"","overlay-opacity":"","overlay-gradient":""}},"ast-content-background-meta":{"desktop":{"background-color":"var(--ast-global-color-4)","background-image":"","background-repeat":"repeat","background-position":"center center","background-size":"auto","background-attachment":"scroll","background-type":"","background-media":"","overlay-type":"","overlay-color":"","overlay-opacity":"","overlay-gradient":""},"tablet":{"background-color":"var(--ast-global-color-4)","background-image":"","background-repeat":"repeat","background-position":"center center","background-size":"auto","background-attachment":"scroll","background-type":"","background-media":"","overlay-type":"","overlay-color":"","overlay-opacity":"","overlay-gradient":""},"mobile":{"background-color":"var(--ast-global-color-4)","background-image":"","background-repeat":"repeat","background-position":"center center","background-size":"auto","background-attachment":"scroll","background-type":"","background-media":"","overlay-type":"","overlay-color":"","overlay-opacity":"","overlay-gradient":""}},"footnotes":""},"class_list":["post-2143","page","type-page","status-publish","hentry"],"_links":{"self":[{"href":"https:\/\/craftcleaners.eu\/da\/wp-json\/wp\/v2\/pages\/2143","targetHints":{"allow":["GET"]}}],"collection":[{"href":"https:\/\/craftcleaners.eu\/da\/wp-json\/wp\/v2\/pages"}],"about":[{"href":"https:\/\/craftcleaners.eu\/da\/wp-json\/wp\/v2\/types\/page"}],"author":[{"embeddable":true,"href":"https:\/\/craftcleaners.eu\/da\/wp-json\/wp\/v2\/users\/2"}],"replies":[{"embeddable":true,"href":"https:\/\/craftcleaners.eu\/da\/wp-json\/wp\/v2\/comments?post=2143"}],"version-history":[{"count":4,"href":"https:\/\/craftcleaners.eu\/da\/wp-json\/wp\/v2\/pages\/2143\/revisions"}],"predecessor-version":[{"id":2184,"href":"https:\/\/craftcleaners.eu\/da\/wp-json\/wp\/v2\/pages\/2143\/revisions\/2184"}],"wp:attachment":[{"href":"https:\/\/craftcleaners.eu\/da\/wp-json\/wp\/v2\/media?parent=2143"}],"curies":[{"name":"wp","href":"https:\/\/api.w.org\/{rel}","templated":true}]}}