{"id":2131,"date":"2024-12-13T18:15:59","date_gmt":"2024-12-13T17:15:59","guid":{"rendered":"https:\/\/craftcleaners.eu\/obchodni-podminky\/"},"modified":"2025-11-16T16:54:29","modified_gmt":"2025-11-16T15:54:29","slug":"obchodni-podminky","status":"publish","type":"page","link":"https:\/\/craftcleaners.eu\/cs\/obchodni-podminky\/","title":{"rendered":"Obchodn\u00ed podm\u00ednky"},"content":{"rendered":"\n\r\n\r\n\r\n    <meta charset=\"UTF-8\"\/>\r\n    <meta name=\"viewport\" content=\"width=device-width, initial-scale=1.0\"\/>\r\n    <title>Podm\u00ednky &#8211; Craft Cleaners<\/title>\r\n    <style>\r\n\/* Google Fonts *\/\r\n@import url('https:\/\/fonts.googleapis.com\/css2?family=Sora:wght@300;400;600;700;800&display=swap');\r\n\r\n\/* Reset and Base *\/\r\n* {\r\n    margin: 0;\r\n    padding: 0;\r\n    box-sizing: border-box;\r\n}\r\n\r\nbody {\r\n    font-family: 'Sora', -apple-system, BlinkMacSystemFont, sans-serif;\r\n    background: #000;\r\n    color: #fff;\r\n    overflow-x: hidden;\r\n}\r\n\r\n\/* Page Header *\/\r\n.cc-page-header {\r\n    background: linear-gradient(135deg, rgba(209, 10, 17, 0.1), rgba(0, 0, 0, 0.9)), \r\n                url('https:\/\/images.unsplash.com\/photo-1450101499163-c8848c66ca85?q=80&w=2070') center\/cover;\r\n    padding: 120px 20px 80px;\r\n    text-align: center;\r\n    border-bottom: 1px solid rgba(209, 10, 17, 0.2);\r\n}\r\n\r\n.cc-page-title {\r\n    font-size: clamp(40px, 8vw, 64px);\r\n    font-weight: 800;\r\n    margin-bottom: 15px;\r\n    text-transform: uppercase;\r\n}\r\n\r\n.cc-page-subtitle {\r\n    font-size: 14px;\r\n    opacity: 0.7;\r\n    letter-spacing: 2px;\r\n    text-transform: uppercase;\r\n}\r\n\r\n\/* Content Section *\/\r\n.cc-content-section {\r\n    background: #000;\r\n    padding: 80px 20px;\r\n}\r\n\r\n.cc-content-container {\r\n    max-width: 900px;\r\n    margin: 0 auto;\r\n}\r\n\r\n.cc-last-updated {\r\n    text-align: center;\r\n    font-size: 13px;\r\n    opacity: 0.6;\r\n    margin-bottom: 50px;\r\n    padding-bottom: 30px;\r\n    border-bottom: 1px solid rgba(255, 255, 255, 0.1);\r\n}\r\n\r\n.cc-terms-section {\r\n    margin-bottom: 50px;\r\n    padding: 40px;\r\n    background: rgba(255, 255, 255, 0.03);\r\n    border: 1px solid rgba(255, 255, 255, 0.08);\r\n    border-radius: 15px;\r\n    transition: all 0.3s ease;\r\n}\r\n\r\n.cc-terms-section:hover {\r\n    border-color: rgba(209, 10, 17, 0.3);\r\n    background: rgba(255, 255, 255, 0.05);\r\n}\r\n\r\n.cc-section-number {\r\n    display: inline-block;\r\n    background: linear-gradient(135deg, #d10a11, #a00810);\r\n    color: #fff;\r\n    width: 40px;\r\n    height: 40px;\r\n    border-radius: 50%;\r\n    text-align: center;\r\n    line-height: 40px;\r\n    font-weight: 800;\r\n    font-size: 18px;\r\n    margin-bottom: 20px;\r\n}\r\n\r\n.cc-section-title {\r\n    font-size: 24px;\r\n    font-weight: 700;\r\n    margin-bottom: 20px;\r\n    color: #fff;\r\n    text-transform: uppercase;\r\n    letter-spacing: 1px;\r\n}\r\n\r\n.cc-section-content p {\r\n    font-size: 15px;\r\n    line-height: 1.8;\r\n    opacity: 0.85;\r\n    margin-bottom: 15px;\r\n}\r\n\r\n.cc-section-content strong {\r\n    color: #d10a11;\r\n    font-weight: 700;\r\n}\r\n\r\n.cc-subsection {\r\n    margin: 25px 0;\r\n    padding-left: 20px;\r\n    border-left: 2px solid rgba(209, 10, 17, 0.3);\r\n}\r\n\r\n.cc-subsection-title {\r\n    font-size: 16px;\r\n    font-weight: 700;\r\n    margin-bottom: 10px;\r\n    color: #d10a11;\r\n}\r\n\r\n.cc-list {\r\n    list-style: none;\r\n    padding-left: 0;\r\n    margin: 15px 0;\r\n}\r\n\r\n.cc-list li {\r\n    position: relative;\r\n    padding-left: 30px;\r\n    margin-bottom: 12px;\r\n    font-size: 15px;\r\n    line-height: 1.8;\r\n    opacity: 0.85;\r\n}\r\n\r\n.cc-list li::before {\r\n    content: '\u2726';\r\n    position: absolute;\r\n    left: 0;\r\n    color: #d10a11;\r\n    font-size: 12px;\r\n}\r\n\r\n\/* Contact Box *\/\r\n.cc-contact-box {\r\n    background: linear-gradient(135deg, rgba(209, 10, 17, 0.1), rgba(209, 10, 17, 0.05));\r\n    border: 2px solid rgba(209, 10, 17, 0.3);\r\n    padding: 40px;\r\n    border-radius: 15px;\r\n    text-align: center;\r\n    margin-top: 60px;\r\n}\r\n\r\n.cc-contact-title {\r\n    font-size: 24px;\r\n    font-weight: 700;\r\n    margin-bottom: 15px;\r\n    color: #d10a11;\r\n}\r\n\r\n.cc-contact-text {\r\n    font-size: 15px;\r\n    line-height: 1.8;\r\n    opacity: 0.85;\r\n    margin-bottom: 25px;\r\n}\r\n\r\n.cc-contact-info {\r\n    display: flex;\r\n    justify-content: center;\r\n    gap: 40px;\r\n    flex-wrap: wrap;\r\n    margin-top: 25px;\r\n}\r\n\r\n.cc-contact-item {\r\n    font-size: 14px;\r\n}\r\n\r\n.cc-contact-item strong {\r\n    display: block;\r\n    color: #d10a11;\r\n    margin-bottom: 5px;\r\n    font-size: 12px;\r\n    text-transform: uppercase;\r\n    letter-spacing: 1px;\r\n}\r\n\r\n.cc-contact-item a {\r\n    color: #fff;\r\n    text-decoration: none;\r\n    transition: color 0.3s ease;\r\n}\r\n\r\n.cc-contact-item a:hover {\r\n    color: #d10a11;\r\n}\r\n\r\n\/* Footer *\/\r\n.cc-footer {\r\n    background: #000;\r\n    padding: 80px 20px 40px;\r\n    border-top: 1px solid rgba(255, 255, 255, 0.1);\r\n}\r\n\r\n.cc-footer-content {\r\n    max-width: 1400px;\r\n    margin: 0 auto;\r\n    display: grid;\r\n    grid-template-columns: 2fr 1fr 1fr 1fr;\r\n    gap: 60px;\r\n    margin-bottom: 60px;\r\n}\r\n\r\n.cc-footer-logo {\r\n    font-size: 28px;\r\n    font-weight: 800;\r\n    margin-bottom: 20px;\r\n}\r\n\r\n.cc-footer-logo span {\r\n    color: #d10a11;\r\n}\r\n\r\n.cc-footer-desc {\r\n    font-size: 14px;\r\n    opacity: 0.6;\r\n    line-height: 1.6;\r\n}\r\n\r\n.cc-footer-column h4 {\r\n    font-size: 16px;\r\n    font-weight: 700;\r\n    margin-bottom: 20px;\r\n    text-transform: uppercase;\r\n    letter-spacing: 1px;\r\n}\r\n\r\n.cc-footer-column ul {\r\n    list-style: none;\r\n}\r\n\r\n.cc-footer-column ul li {\r\n    margin-bottom: 12px;\r\n}\r\n\r\n.cc-footer-column ul li a {\r\n    color: rgba(255, 255, 255, 0.6);\r\n    text-decoration: none;\r\n    font-size: 14px;\r\n    transition: color 0.3s;\r\n}\r\n\r\n.cc-footer-column ul li a:hover {\r\n    color: #d10a11;\r\n}\r\n\r\n.cc-footer-bottom {\r\n    text-align: center;\r\n    padding-top: 40px;\r\n    border-top: 1px solid rgba(255, 255, 255, 0.1);\r\n    font-size: 14px;\r\n    opacity: 0.5;\r\n}\r\n\r\n\/* Responsive *\/\r\n@media (max-width: 1024px) {\r\n    .cc-footer-content {\r\n        grid-template-columns: 1fr 1fr;\r\n    }\r\n}\r\n\r\n@media (max-width: 768px) {\r\n    .cc-footer-content {\r\n        grid-template-columns: 1fr;\r\n        gap: 40px;\r\n    }\r\n    \r\n    .cc-terms-section {\r\n        padding: 25px;\r\n    }\r\n    \r\n    .cc-contact-info {\r\n        flex-direction: column;\r\n        gap: 20px;\r\n    }\r\n}\r\n    <\/style>\r\n\r\n\r\n\r\n<!-- Page Header -->\r\n<section class=\"cc-page-header\">\r\n    <h1 class=\"cc-page-title\">Podm\u00ednky<\/h1>\r\n    <p class=\"cc-page-subtitle\">V\u0161eobecn\u00e9 obchodn\u00ed podm\u00ednky<\/p>\r\n<\/section>\r\n\r\n<!-- Content Section -->\r\n<section class=\"cc-content-section\">\r\n    <div class=\"cc-content-container\">\r\n        \r\n        <div class=\"cc-last-updated\">\r\n            Posledn\u00ed aktualizace: Leden 2025\r\n        <\/div>\r\n\r\n        <!-- Section 1 -->\r\n        <div class=\"cc-terms-section\">\r\n            <div class=\"cc-section-number\">1<\/div>\r\n            <h2 class=\"cc-section-title\">Obecn\u00e9 informace<\/h2>\r\n            <div class=\"cc-section-content\">\r\n                <div class=\"cc-subsection\">\r\n                    <p class=\"cc-subsection-title\">1.1 \u00dadaje o provozovateli<\/p>\r\n                    <p>Internetov\u00fd obchod CraftCleaners.eu provozuje:<\/p>\r\n                    <ul class=\"cc-list\">\r\n                        <li><strong>Spole\u010dnost:<\/strong> Ecommate Sp. z o.o.<\/li>\r\n                        <li><strong>DI\u010c:<\/strong> 5671930881<\/li>\r\n                        <li><strong>REGON:<\/strong> 527446995<\/li>\r\n                        <li><strong>Pr\u00e1vn\u00ed forma:<\/strong> Spole\u010dnost s ru\u010den\u00edm omezen\u00fdm<\/li>\r\n                    <\/ul>\r\n                <\/div>\r\n\r\n                <div class=\"cc-subsection\">\r\n                    <p class=\"cc-subsection-title\">1.2 Kontaktn\u00ed informace<\/p>\r\n                    <p>Obchod m\u016f\u017eete kontaktovat e-mailem na adrese: <strong>contact@craftcleaners.eu<\/strong><\/p>\r\n                <\/div>\r\n\r\n                <div class=\"cc-subsection\">\r\n                    <p class=\"cc-subsection-title\">1.3 Rozsah pou\u017eit\u00ed<\/p>\r\n                    <p>Tyto V\u0161eobecn\u00e9 obchodn\u00ed podm\u00ednky (VOP) upravuj\u00ed podm\u00ednky pro n\u00e1kupy v obchod\u011b CraftCleaners.eu.<\/p>\r\n                <\/div>\r\n\r\n                <div class=\"cc-subsection\">\r\n                    <p class=\"cc-subsection-title\">1.4 P\u0159ijet\u00ed podm\u00ednek<\/p>\r\n                    <p>Z\u00e1kazn\u00edk p\u0159ij\u00edm\u00e1 tyto VOP odesl\u00e1n\u00edm objedn\u00e1vky.<\/p>\r\n                <\/div>\r\n            <\/div>\r\n        <\/div>\r\n\r\n        <!-- Section 2 -->\r\n        <div class=\"cc-terms-section\">\r\n            <div class=\"cc-section-number\">2<\/div>\r\n            <h2 class=\"cc-section-title\">Objedn\u00e1vky<\/h2>\r\n            <div class=\"cc-section-content\">\r\n                <div class=\"cc-subsection\">\r\n                    <p class=\"cc-subsection-title\">2.1 Zp\u016fsobilost k objedn\u00e1n\u00ed<\/p>\r\n                    <p>Objedn\u00e1vky mohou pod\u00e1vat dosp\u011bl\u00e9 osoby s plnou pr\u00e1vn\u00ed zp\u016fsobilost\u00ed.<\/p>\r\n                <\/div>\r\n\r\n                <div class=\"cc-subsection\">\r\n                    <p class=\"cc-subsection-title\">2.2 Dostupnost objedn\u00e1vek<\/p>\r\n                    <p>Objedn\u00e1vky jsou p\u0159ij\u00edm\u00e1ny 24\/7 prost\u0159ednictv\u00edm webov\u00fdch str\u00e1nek CraftCleaners.eu.<\/p>\r\n                <\/div>\r\n\r\n                <div class=\"cc-subsection\">\r\n                    <p class=\"cc-subsection-title\">2.3 Po\u017eadavky na objedn\u00e1vku<\/p>\r\n                    <p>P\u0159edpokladem pro zpracov\u00e1n\u00ed objedn\u00e1vky je spr\u00e1vn\u00e9 vypln\u011bn\u00ed objedn\u00e1vkov\u00e9ho formul\u00e1\u0159e.<\/p>\r\n                <\/div>\r\n            <\/div>\r\n        <\/div>\r\n\r\n        <!-- Section 3 -->\r\n        <div class=\"cc-terms-section\">\r\n            <div class=\"cc-section-number\">3<\/div>\r\n            <h2 class=\"cc-section-title\">Ceny a platby<\/h2>\r\n            <div class=\"cc-section-content\">\r\n                <div class=\"cc-subsection\">\r\n                    <p class=\"cc-subsection-title\">3.1 Ceny<\/p>\r\n                    <p>V\u0161echny ceny jsou uvedeny v polsk\u00fdch zlot\u00fdch (PLN) a zahrnuj\u00ed DPH.<\/p>\r\n                <\/div>\r\n\r\n                <div class=\"cc-subsection\">\r\n                    <p class=\"cc-subsection-title\">3.2 Platebn\u00ed metody<\/p>\r\n                    <p>Z\u00e1kazn\u00edk si m\u016f\u017ee vybrat jednu z n\u00e1sleduj\u00edc\u00edch platebn\u00edch metod:<\/p>\r\n                    <ul class=\"cc-list\">\r\n                        <li>Bankovn\u00ed p\u0159evod<\/li>\r\n                        <li>Online platba (PayPal)<\/li>\r\n                        <li>Platba p\u0159i dod\u00e1n\u00ed<\/li>\r\n                    <\/ul>\r\n                <\/div>\r\n            <\/div>\r\n        <\/div>\r\n\r\n        <!-- Section 4 -->\r\n        <div class=\"cc-terms-section\">\r\n            <div class=\"cc-section-number\">4<\/div>\r\n            <h2 class=\"cc-section-title\">Zpracov\u00e1n\u00ed objedn\u00e1vek<\/h2>\r\n            <div class=\"cc-section-content\">\r\n                <div class=\"cc-subsection\">\r\n                    <p class=\"cc-subsection-title\">4.1 Dodac\u00ed lh\u016fta<\/p>\r\n                    <p>Dodac\u00ed lh\u016fta je <strong>1 a\u017e 5 pracovn\u00edch dn\u016f<\/strong>, v z\u00e1vislosti na dostupnosti produktu.<\/p>\r\n                <\/div>\r\n\r\n                <div class=\"cc-subsection\">\r\n                    <p class=\"cc-subsection-title\">4.2 Ozn\u00e1men\u00ed o zpo\u017ed\u011bn\u00ed<\/p>\r\n                    <p>Z\u00e1kazn\u00edk bude informov\u00e1n o jak\u00fdchkoli zpo\u017ed\u011bn\u00edch ve zpracov\u00e1n\u00ed objedn\u00e1vky.<\/p>\r\n                <\/div>\r\n\r\n                <div class=\"cc-subsection\">\r\n                    <p class=\"cc-subsection-title\">4.3 Vy\u0159\u00edzen\u00ed objedn\u00e1vky<\/p>\r\n                    <p>Pokud objedn\u00e1vka nem\u016f\u017ee b\u00fdt spln\u011bna, prodejce bude kontaktovat z\u00e1kazn\u00edka za \u00fa\u010delem objasn\u011bn\u00ed dal\u0161\u00edch krok\u016f.<\/p>\r\n                <\/div>\r\n            <\/div>\r\n        <\/div>\r\n\r\n        <!-- Section 5 -->\r\n        <div class=\"cc-terms-section\">\r\n            <div class=\"cc-section-number\">5<\/div>\r\n            <h2 class=\"cc-section-title\">Doru\u010den\u00ed<\/h2>\r\n            <div class=\"cc-section-content\">\r\n                <div class=\"cc-subsection\">\r\n                    <p class=\"cc-subsection-title\">5.1 N\u00e1klady na dopravu<\/p>\r\n                    <p>N\u00e1klady na dopravu hrad\u00ed z\u00e1kazn\u00edk, pokud nen\u00ed v nab\u00eddce nebo akci uvedeno jinak.<\/p>\r\n                <\/div>\r\n\r\n                <div class=\"cc-subsection\">\r\n                    <p class=\"cc-subsection-title\">5.2 Zp\u016fsoby doru\u010den\u00ed<\/p>\r\n                    <p>Dod\u00e1vky se prov\u00e1d\u011bj\u00ed prost\u0159ednictv\u00edm kur\u00fdrn\u00edch slu\u017eeb a sb\u011brn\u00fdch m\u00edst.<\/p>\r\n                <\/div>\r\n            <\/div>\r\n        <\/div>\r\n\r\n        <!-- Section 6 -->\r\n        <div class=\"cc-terms-section\">\r\n            <div class=\"cc-section-number\">6<\/div>\r\n            <h2 class=\"cc-section-title\">Reklamace a vr\u00e1cen\u00ed zbo\u017e\u00ed<\/h2>\r\n            <div class=\"cc-section-content\">\r\n                <div class=\"cc-subsection\">\r\n                    <p class=\"cc-subsection-title\">6.1 Pr\u00e1vo na vr\u00e1cen\u00ed<\/p>\r\n                    <p>Z\u00e1kazn\u00edk m\u00e1 pr\u00e1vo vr\u00e1tit zakoupen\u00e9 zbo\u017e\u00ed bez ud\u00e1n\u00ed d\u016fvodu do <strong>14 dn\u016f od p\u0159evzet\u00ed<\/strong>.<\/p>\r\n                <\/div>\r\n\r\n                <div class=\"cc-subsection\">\r\n                    <p class=\"cc-subsection-title\">6.2 Pod\u00e1n\u00ed reklamace<\/p>\r\n                    <p>Reklamace mus\u00ed b\u00fdt pod\u00e1ny p\u00edsemn\u011b na adresu spole\u010dnosti nebo e-mailem na adresu <strong>contact@craftcleaners.eu<\/strong>.<\/p>\r\n                <\/div>\r\n\r\n                <div class=\"cc-subsection\">\r\n                    <p class=\"cc-subsection-title\">6.3 Zpracov\u00e1n\u00ed reklamace<\/p>\r\n                    <p>Pokud je reklamace p\u0159ijata, n\u00e1klady na dopravu hrad\u00ed prodejce.<\/p>\r\n                <\/div>\r\n            <\/div>\r\n        <\/div>\r\n\r\n        <!-- Section 7 -->\r\n        <div class=\"cc-terms-section\">\r\n            <div class=\"cc-section-number\">7<\/div>\r\n            <h2 class=\"cc-section-title\">Osobn\u00ed \u00fadaje<\/h2>\r\n            <div class=\"cc-section-content\">\r\n                <div class=\"cc-subsection\">\r\n                    <p class=\"cc-subsection-title\">7.1 Spr\u00e1vce \u00fadaj\u016f<\/p>\r\n                    <p>Spr\u00e1vcem osobn\u00edch \u00fadaj\u016f je <strong>Ecommate Sp. z o.o.<\/strong>, DI\u010c: 5671930881.<\/p>\r\n                <\/div>\r\n\r\n                <div class=\"cc-subsection\">\r\n                    <p class=\"cc-subsection-title\">7.2 Zpracov\u00e1n\u00ed \u00fadaj\u016f<\/p>\r\n                    <p>Osobn\u00ed \u00fadaje budou zpracov\u00e1ny v\u00fdhradn\u011b za \u00fa\u010delem zpracov\u00e1n\u00ed objedn\u00e1vek a pro marketingov\u00e9 \u00fa\u010dely se souhlasem z\u00e1kazn\u00edka.<\/p>\r\n                    <p>Pro v\u00edce informac\u00ed se pros\u00edm pod\u00edvejte na na\u0161e <a href=\"https:\/\/craftcleaners.eu\/cs\/zasady-ochrany-osobnich-udaju\/\" style=\"color: #d10a11; text-decoration: underline;\">Z\u00e1sady ochrany osobn\u00edch \u00fadaj\u016f<\/a>.<\/p>\r\n                <\/div>\r\n            <\/div>\r\n        <\/div>\r\n\r\n        <!-- Section 8 -->\r\n        <div class=\"cc-terms-section\">\r\n            <div class=\"cc-section-number\">8<\/div>\r\n            <h2 class=\"cc-section-title\">Z\u00e1v\u011bre\u010dn\u00e1 ustanoven\u00ed<\/h2>\r\n            <div class=\"cc-section-content\">\r\n                <div class=\"cc-subsection\">\r\n                    <p class=\"cc-subsection-title\">8.1 Rozhodn\u00e9 pr\u00e1vo<\/p>\r\n                    <p>Pro z\u00e1le\u017eitosti neupraven\u00e9 t\u011bmito Podm\u00ednkami plat\u00ed ustanoven\u00ed n\u011bmeck\u00e9ho ob\u010dansk\u00e9ho z\u00e1kon\u00edku (BGB).<\/p>\r\n                <\/div>\r\n\r\n                <div class=\"cc-subsection\">\r\n                    <p class=\"cc-subsection-title\">8.2 Zm\u011bny<\/p>\r\n                    <p>Prod\u00e1vaj\u00edc\u00ed si vyhrazuje pr\u00e1vo m\u011bnit tyto Podm\u00ednky. Z\u00e1kazn\u00edci budou o v\u0161ech zm\u011bn\u00e1ch informov\u00e1ni.<\/p>\r\n                <\/div>\r\n            <\/div>\r\n        <\/div>\r\n\r\n        <!-- Contact Box -->\r\n        <div class=\"cc-contact-box\">\r\n            <h3 class=\"cc-contact-title\">M\u00e1te dotazy k na\u0161im podm\u00ednk\u00e1m?<\/h3>\r\n            <p class=\"cc-contact-text\">Pokud m\u00e1te jak\u00e9koli dotazy ohledn\u011b t\u011bchto podm\u00ednek, nev\u00e1hejte n\u00e1s kontaktovat.<\/p>\r\n            <div class=\"cc-contact-info\">\r\n                <div class=\"cc-contact-item\">\r\n                    <strong>E-mail<\/strong>\r\n                    <a href=\"mailto:contact@craftcleaners.eu\">contact@craftcleaners.eu<\/a>\r\n                <\/div>\r\n                <div class=\"cc-contact-item\">\r\n                    <strong>Webov\u00e9 str\u00e1nky<\/strong>\r\n                    <a href=\"https:\/\/craftcleaners.eu\/cs\/\" target=\"_blank\">craftcleaners.eu<\/a>\r\n                <\/div>\r\n            <\/div>\r\n        <\/div>\r\n\r\n    <\/div>\r\n<\/section>\r\n\r\n<!-- Footer -->\r\n<footer class=\"cc-footer\">\r\n    <div class=\"cc-footer-content\">\r\n        <div class=\"cc-footer-column\">\r\n            <div class=\"cc-footer-logo\">Craft <span>Cleaners<\/span><\/div>\r\n            <p class=\"cc-footer-desc\">Profesion\u00e1ln\u00ed detailingov\u00e9 produkty pro n\u00e1ro\u010dn\u00e9 z\u00e1kazn\u00edky. Pr\u00e9miov\u00e1 kvalita, kter\u00e9 m\u016f\u017eete d\u016fv\u011b\u0159ovat s viditeln\u00fdmi, dlouhotrvaj\u00edc\u00edmi v\u00fdsledky.<\/p>\r\n        <\/div>\r\n        \r\n        <div class=\"cc-footer-column\">\r\n            <h4>Rychl\u00e9 odkazy<\/h4>\r\n            <ul>\r\n                <li><a href=\"https:\/\/craftcleaners.eu\/cs\/zasady-ochrany-osobnich-udaju\/\" target=\"_blank\">Z\u00e1sady ochrany osobn\u00edch \u00fadaj\u016f<\/a><\/li>\r\n                <li><a href=\"https:\/\/craftcleaners.eu\/cs\/obchodni-podminky\/\" target=\"_blank\">Podm\u00ednky<\/a><\/li>\r\n            <\/ul>\r\n        <\/div>\r\n        \r\n        <div class=\"cc-footer-column\">\r\n            <h4>Kontakt<\/h4>\r\n            <ul>\r\n                <li><a href=\"mailto:contact@craftcleaners.eu\">contact@craftcleaners.eu<\/a><\/li>\r\n                <li><a href=\"https:\/\/craftcleaners.eu\/cs\/\" target=\"_blank\">craftcleaners.eu<\/a><\/li>\r\n            <\/ul>\r\n        <\/div>\r\n    <\/div>\r\n<\/footer>\r\n\r\n\r\n\n","protected":false},"excerpt":{"rendered":"<p>Podm\u00ednky &#8211; Craft Cleaners Podm\u00ednky V\u0161eobecn\u00e9 obchodn\u00ed podm\u00ednky Posledn\u00ed aktualizace: Leden 2025 1 Obecn\u00e9 informace 1.1 \u00dadaje o provozovateli Internetov\u00fd [&hellip;]<\/p>\n","protected":false},"author":2,"featured_media":0,"parent":0,"menu_order":0,"comment_status":"closed","ping_status":"closed","template":"","meta":{"site-sidebar-layout":"default","site-content-layout":"","ast-site-content-layout":"default","site-content-style":"default","site-sidebar-style":"default","ast-global-header-display":"","ast-banner-title-visibility":"","ast-main-header-display":"","ast-hfb-above-header-display":"","ast-hfb-below-header-display":"","ast-hfb-mobile-header-display":"","site-post-title":"","ast-breadcrumbs-content":"","ast-featured-img":"","footer-sml-layout":"","theme-transparent-header-meta":"","adv-header-id-meta":"","stick-header-meta":"","header-above-stick-meta":"","header-main-stick-meta":"","header-below-stick-meta":"","astra-migrate-meta-layouts":"default","ast-page-background-enabled":"default","ast-page-background-meta":{"desktop":{"background-color":"var(--ast-global-color-5)","background-image":"","background-repeat":"repeat","background-position":"center center","background-size":"auto","background-attachment":"scroll","background-type":"","background-media":"","overlay-type":"","overlay-color":"","overlay-opacity":"","overlay-gradient":""},"tablet":{"background-color":"","background-image":"","background-repeat":"repeat","background-position":"center center","background-size":"auto","background-attachment":"scroll","background-type":"","background-media":"","overlay-type":"","overlay-color":"","overlay-opacity":"","overlay-gradient":""},"mobile":{"background-color":"","background-image":"","background-repeat":"repeat","background-position":"center center","background-size":"auto","background-attachment":"scroll","background-type":"","background-media":"","overlay-type":"","overlay-color":"","overlay-opacity":"","overlay-gradient":""}},"ast-content-background-meta":{"desktop":{"background-color":"var(--ast-global-color-4)","background-image":"","background-repeat":"repeat","background-position":"center center","background-size":"auto","background-attachment":"scroll","background-type":"","background-media":"","overlay-type":"","overlay-color":"","overlay-opacity":"","overlay-gradient":""},"tablet":{"background-color":"var(--ast-global-color-4)","background-image":"","background-repeat":"repeat","background-position":"center center","background-size":"auto","background-attachment":"scroll","background-type":"","background-media":"","overlay-type":"","overlay-color":"","overlay-opacity":"","overlay-gradient":""},"mobile":{"background-color":"var(--ast-global-color-4)","background-image":"","background-repeat":"repeat","background-position":"center center","background-size":"auto","background-attachment":"scroll","background-type":"","background-media":"","overlay-type":"","overlay-color":"","overlay-opacity":"","overlay-gradient":""}},"footnotes":""},"class_list":["post-2131","page","type-page","status-publish","hentry"],"_links":{"self":[{"href":"https:\/\/craftcleaners.eu\/cs\/wp-json\/wp\/v2\/pages\/2131","targetHints":{"allow":["GET"]}}],"collection":[{"href":"https:\/\/craftcleaners.eu\/cs\/wp-json\/wp\/v2\/pages"}],"about":[{"href":"https:\/\/craftcleaners.eu\/cs\/wp-json\/wp\/v2\/types\/page"}],"author":[{"embeddable":true,"href":"https:\/\/craftcleaners.eu\/cs\/wp-json\/wp\/v2\/users\/2"}],"replies":[{"embeddable":true,"href":"https:\/\/craftcleaners.eu\/cs\/wp-json\/wp\/v2\/comments?post=2131"}],"version-history":[{"count":2,"href":"https:\/\/craftcleaners.eu\/cs\/wp-json\/wp\/v2\/pages\/2131\/revisions"}],"predecessor-version":[{"id":2170,"href":"https:\/\/craftcleaners.eu\/cs\/wp-json\/wp\/v2\/pages\/2131\/revisions\/2170"}],"wp:attachment":[{"href":"https:\/\/craftcleaners.eu\/cs\/wp-json\/wp\/v2\/media?parent=2131"}],"curies":[{"name":"wp","href":"https:\/\/api.w.org\/{rel}","templated":true}]}}